{"id":103,"date":"2023-12-01T11:00:16","date_gmt":"2023-12-01T13:00:16","guid":{"rendered":"http:\/\/kurkiecovillage.fi\/?page_id=103"},"modified":"2026-03-06T07:57:28","modified_gmt":"2026-03-06T09:57:28","slug":"clips-yhteisohautomo","status":"publish","type":"page","link":"https:\/\/kurkiecovillage.fi\/en\/clips-yhteisohautomo\/","title":{"rendered":"CLIPS-yhteis\u00f6hautomo"},"content":{"rendered":"<p>CLIPS-yhteis\u00f6hautomoprojekti<br>Yhteis\u00f6toiminnan ja -kehitt\u00e4misen fasilitointia kokemusammattilaisilta<\/p>\n\n\n\n<p>Eurooppalaisten ekokylien verkostossa ker\u00e4ttyihin kokemuksiin pohjautuva yhteis\u00f6llisyyden kehitt\u00e4missohjelma CLIPS on nyt hy\u00f6dynnett\u00e4viss\u00e4 my\u00f6s Suomessa.<\/p>\n\n\n\n<p>Haluatko sitten kehitt\u00e4\u00e4 omia yhteis\u00f6taitojasi tai yhteis\u00f6kokonaisuutta, CLIPSist\u00e4 l\u00f6yd\u00e4t ty\u00f6kaluja ja tietoa siihen. Tarvittaessa l\u00f6yd\u00e4t my\u00f6s ulkopuolista tukea ja ohjausta yhteis\u00f6toiminnan kehitt\u00e4miseen, esimerkiksi yhteisten kokousten fasilitointia.<\/p>\n\n\n\n<p>CLIPS-ohjelman avulla:<\/p>\n\n\n\n<ul class=\"wp-block-list\">\n<li>harjaannut omissa yhteis\u00f6taidoissasi<\/li>\n\n\n\n<li>ymm\u00e4rr\u00e4t yhteis\u00f6hankkeiden dynamiikkaa<\/li>\n\n\n\n<li>saat tietoa yhteis\u00f6hankkeiden onnistumistekij\u00f6ist\u00e4<\/li>\n\n\n\n<li>tutustut esimerkkien avulla onnistuneisiin yhteis\u00f6hankkeisiin<\/li>\n\n\n\n<li>tunnistat yhteis\u00f6n nykytilan sek\u00e4 siin\u00e4 tarvittavat oleelliset toimenpiteet<\/li>\n\n\n\n<li>tunnistat sek\u00e4 omia henkil\u00f6kohtaisia ett\u00e4 yhteis\u00f6n vahvuuksia ja haasteita<\/li>\n\n\n\n<li>hankit koulutusta ja fasilitointia yhteis\u00f6kehitt\u00e4misen kokemusammattilaisilta<\/li>\n\n\n\n<li>saat FB-yhteyskanavan muihin yhteis\u00f6hankkeista kiinnostuneisiin<\/li>\n<\/ul>\n\n\n\n<p>\u200b<\/p>\n\n\n\n<p>CLIPS-ohjelma rakentuu kest\u00e4v\u00e4n kehityksen periaatteille. Se on sovellettavissa monenlaisiin yhteis\u00f6hankkeisiin eri ymp\u00e4rist\u00f6iss\u00e4. Erityisesti siit\u00e4 hy\u00f6tyv\u00e4t alkavassa vaiheessa olevat yhteis\u00f6hankkeet.<\/p>\n\n\n\n<p>CLIPS-ty\u00f6kaluja ovat:<\/p>\n\n\n\n<ul class=\"wp-block-list\">\n<li>CLIPS-malli<\/li>\n\n\n\n<li>CLIPS-opaskirjanen<\/li>\n\n\n\n<li>CLIPS-lautapeli<\/li>\n\n\n\n<li>CLIPS-itsearviointity\u00f6kalu<\/li>\n\n\n\n<li>CLIPS-koulutukset ja -fasilitoinnit<\/li>\n\n\n\n<li>CLIPS-nettisivut<\/li>\n\n\n\n<li>CLIPS-FB<\/li>\n<\/ul>\n\n\n\n<p>\u200b<\/p>\n\n\n\n<p>CLIPS-ohjelma hy\u00f6dynt\u00e4\u00e4 Euroopan eri maissa saatuja kokemuksia yhteis\u00f6hankkeiden onnistumistekij\u00f6ist\u00e4. Se on kehitetty osana Erasmus+ rahoitettua kumppanuushanketta Euroopan ekokylien ja niiden v\u00e4lisen yhteisty\u00f6n kehitt\u00e4miseksi. CLIPS-ohjelman kehitysty\u00f6st\u00e4 vastaa Euroopan ekokylien kattoj\u00e4rjest\u00f6 GEN Europe.<\/p>\n\n\n\n<p>\u200b<\/p>\n\n\n\n<p>Yhteis\u00f6taitojen kehitt\u00e4mistapahtuma Vesilahdella 27.-29.5.<\/p>\n\n\n\n<p>Mit\u00e4 yhteist\u00e4 on Liikennevaloilla, V\u00e4ripelill\u00e4 ja CLIPS-sipulilla?<\/p>\n\n\n\n<p>Ne ovat kaikki CLIPS-yhteis\u00f6hautomon menetelmi\u00e4, joilla yhteis\u00f6jen sosiaalista kest\u00e4vyytt\u00e4 voidaan tukea ja kehitt\u00e4\u00e4.<\/p>\n\n\n\n<p>Vesilahdella j\u00e4rjestettiin kev\u00e4tkes\u00e4ll\u00e4 kolmip\u00e4iv\u00e4inen yhteis\u00f6kehitt\u00e4mistapahtuma, jossa tutustuttiin sosiaalisen kest\u00e4vyyden kehitt\u00e4miseen. Yhteis\u00f6jen toiminnan sujuvoittamista tutkittiin k\u00e4yt\u00e4nn\u00f6n harjoittein, tapausesimerkein sek\u00e4 teorian kautta. Tapahtuman ohjasivat italialaista pitk\u00e4nlinjan yhteis\u00f6valmentajat Giorgia Lattuca, Giulio Ferretto ja Antonio Di Guida.<\/p>\n\n\n\n<p>Tapahtuman rakenteen pohjana toimi Euroopan Ekokyl\u00e4verkoston (GEN-Europe) CLIPS-yhteis\u00f6hautomo kumppanuushankkessa kehitetty malli yhteis\u00f6jen toiminnan kuvaamiseksi. Siin\u00e4 kest\u00e4vien yhteis\u00f6jen toimintaa arvioidaan ja kehitet\u00e4\u00e4n viidest\u00e4 vaikuttavista tasoista k\u00e4sin: yksil\u00f6, yhteis\u00f6, intentio, rakenne ja k\u00e4yt\u00e4nt\u00f6.<\/p>\n\n\n\n<p>CLIPS-yhteis\u00f6hautomoa voi kuvata fasilitoituna prosessina yhteis\u00f6n avustamiseksi sen haastepaikkojen l\u00e4pi. Yhteis\u00f6hautomoon kuuluu CLIPS-mallin ja CLIPS-oppaan lis\u00e4ksi helppok\u00e4ytt\u00f6isi\u00e4 ty\u00f6kaluja yhteis\u00f6jen omaan k\u00e4ytt\u00f6\u00f6n sek\u00e4 yli 30 kattavampaa fasilitoitavaa metodia, joilla voidaan sujuvoittaa ja selkeytt\u00e4\u00e4 yhteis\u00f6n toimintaa.<\/p>\n\n\n\n<p>CLIPS-mallista, ty\u00f6kaluista, metodeista sek\u00e4 ajatuksista, n\u00e4kemyksist\u00e4 ja arvoista niiden taustalla on tarkempaa tietoa saatavilla CLIPS-nettisivuilta https:\/\/clips.gen-europe.org\/ sek\u00e4 CLIPS-yhteis\u00f6hautomo-oppaasta https:\/\/www.clips-suomi.fi\/clips-opas\/<\/p>\n\n\n\n<p>Kantri ry:n rahoittamana yhteis\u00f6kehitystapahtuma oli suunnattu p\u00e4\u00e4osin Pirkanmaan alueen yhteis\u00f6llisyydest\u00e4 kiinnostuneille toimijoille. Osallistujia tapahtumassa oli Kurjen ekokyl\u00e4yhdistys ry:st\u00e4, Onkem\u00e4en koulun yst\u00e4v\u00e4t ry:st\u00e4, Er\u00e4j\u00e4rven kehitt\u00e4misyhdistys ry:st\u00e4, Suomen kest\u00e4v\u00e4n el\u00e4m\u00e4ntavan yhdistys ry:st\u00e4, Suomen permakulttuuriyhdistys ry:st\u00e4 sek\u00e4 CLIPS-yhteis\u00f6kehitt\u00e4j\u00e4ryhm\u00e4st\u00e4.<\/p>\n\n\n\n<p>Tapahtuman j\u00e4lkeen osallistujilta selvitettiin kyselytutkimuksella, kuinka paljon he kokevat tapahtuman vaikuttaneen ja jatkossa vaikuttavan yhteis\u00f6llisyyden n\u00e4k\u00f6kulmalta my\u00f6nteisesti heid\u00e4n el\u00e4m\u00e4ns\u00e4 eri osa-alueisiin (12 osa-aluetta). Asteikkona k\u00e4ytettiin 5 = eritt\u00e4in paljon, 4 = paljon, 3 = jonkin verran, 2 = v\u00e4h\u00e4n, 1 = ei lainkaan. L\u00e4hes kaikille kysytyille asioille vastauksien keskiarvoista laskettu my\u00f6nteinen vaikutus oli joko paljon tai eritt\u00e4in paljon.<\/p>\n\n\n\n<p>Kysytt\u00e4ess\u00e4 kuinka moneen ihmiseen vastaaja tulee arvionsa mukaan vaikuttamaan my\u00f6nteisesti tapahtumassa saamiensa tietojen ja taitojen avulla saatiin kokonaism\u00e4\u00e4r\u00e4ksi my\u00f6nteinen vaikuttavuus yhteens\u00e4 yli 400 ihmiseen.<\/p>\n\n\n\n<p>Tapahtuman k\u00e4yt\u00e4nn\u00f6n organisoinnista vastasi Kurjen ekokoyl\u00e4yhdistys ry. Tilaisuus j\u00e4rjestettiin Rautialan juhlatalossa Vesilahdella.<\/p>\n\n\n\n<p>CLIPS | Community Learning Incubator<br>Tapahtumat ja koulutukset<br>J\u00e4rjest\u00e4mme erilaisia CLIPS-koulutuksia kyl\u00e4ss\u00e4mme ja sen ulkopuolella.<\/p>\n\n\n\n<p>Lis\u00e4\u00e4 luettavaa aiheesta CLIPS-yhteis\u00f6hautomo:<\/p>\n\n\n\n<p><br><a href=\"https:\/\/www.clips-suomi.fi\/\">CLIPS Yhteis\u00f6hautomo &#8211; Suomenkieliset sivut<\/a><\/p>\n\n\n\n<p><a href=\"https:\/\/clips.gen-europe.org\/\" data-type=\"link\" data-id=\"https:\/\/clips.gen-europe.org\/\">CLIPS Community Incubator &#8211; Englanninkieliset sivut<\/a><\/p>\n\n\n\n<p><a href=\"https:\/\/www.facebook.com\/CLIPSincubator\" data-type=\"link\" data-id=\"https:\/\/www.facebook.com\/CLIPSincubator\">CLIPS Comminity Incubator Facebook-sivut<\/a><\/p>","protected":false},"excerpt":{"rendered":"<p>CLIPS-yhteis\u00f6hautomoprojektiYhteis\u00f6toiminnan ja -kehitt\u00e4misen fasilitointia kokemusammattilaisilta Eurooppalaisten ekokylien verkostossa ker\u00e4ttyihin kokemuksiin pohjautuva yhteis\u00f6llisyyden kehitt\u00e4missohjelma CLIPS on nyt hy\u00f6dynnett\u00e4viss\u00e4 my\u00f6s Suomessa. Haluatko [&hellip;]<\/p>\n","protected":false},"author":1,"featured_media":0,"parent":0,"menu_order":0,"comment_status":"closed","ping_status":"closed","template":"","meta":{"site-sidebar-layout":"default","site-content-layout":"","ast-site-content-layout":"default","site-content-style":"default","site-sidebar-style":"default","ast-global-header-display":"","ast-banner-title-visibility":"","ast-main-header-display":"","ast-hfb-above-header-display":"","ast-hfb-below-header-display":"","ast-hfb-mobile-header-display":"","site-post-title":"","ast-breadcrumbs-content":"","ast-featured-img":"","footer-sml-layout":"","ast-disable-related-posts":"","theme-transparent-header-meta":"","adv-header-id-meta":"","stick-header-meta":"","header-above-stick-meta":"","header-main-stick-meta":"","header-below-stick-meta":"","astra-migrate-meta-layouts":"default","ast-page-background-enabled":"default","ast-page-background-meta":{"desktop":{"background-color":"var(--ast-global-color-4)","background-image":"","background-repeat":"repeat","background-position":"center center","background-size":"auto","background-attachment":"scroll","background-type":"","background-media":"","overlay-type":"","overlay-color":"","overlay-opacity":"","overlay-gradient":""},"tablet":{"background-color":"","background-image":"","background-repeat":"repeat","background-position":"center center","background-size":"auto","background-attachment":"scroll","background-type":"","background-media":"","overlay-type":"","overlay-color":"","overlay-opacity":"","overlay-gradient":""},"mobile":{"background-color":"","background-image":"","background-repeat":"repeat","background-position":"center center","background-size":"auto","background-attachment":"scroll","background-type":"","background-media":"","overlay-type":"","overlay-color":"","overlay-opacity":"","overlay-gradient":""}},"ast-content-background-meta":{"desktop":{"background-color":"var(--ast-global-color-5)","background-image":"","background-repeat":"repeat","background-position":"center center","background-size":"auto","background-attachment":"scroll","background-type":"","background-media":"","overlay-type":"","overlay-color":"","overlay-opacity":"","overlay-gradient":""},"tablet":{"background-color":"var(--ast-global-color-5)","background-image":"","background-repeat":"repeat","background-position":"center center","background-size":"auto","background-attachment":"scroll","background-type":"","background-media":"","overlay-type":"","overlay-color":"","overlay-opacity":"","overlay-gradient":""},"mobile":{"background-color":"var(--ast-global-color-5)","background-image":"","background-repeat":"repeat","background-position":"center center","background-size":"auto","background-attachment":"scroll","background-type":"","background-media":"","overlay-type":"","overlay-color":"","overlay-opacity":"","overlay-gradient":""}},"footnotes":""},"class_list":["post-103","page","type-page","status-publish","hentry"],"jetpack_sharing_enabled":true,"_links":{"self":[{"href":"https:\/\/kurkiecovillage.fi\/en\/wp-json\/wp\/v2\/pages\/103","targetHints":{"allow":["GET"]}}],"collection":[{"href":"https:\/\/kurkiecovillage.fi\/en\/wp-json\/wp\/v2\/pages"}],"about":[{"href":"https:\/\/kurkiecovillage.fi\/en\/wp-json\/wp\/v2\/types\/page"}],"author":[{"embeddable":true,"href":"https:\/\/kurkiecovillage.fi\/en\/wp-json\/wp\/v2\/users\/1"}],"replies":[{"embeddable":true,"href":"https:\/\/kurkiecovillage.fi\/en\/wp-json\/wp\/v2\/comments?post=103"}],"version-history":[{"count":4,"href":"https:\/\/kurkiecovillage.fi\/en\/wp-json\/wp\/v2\/pages\/103\/revisions"}],"predecessor-version":[{"id":1856,"href":"https:\/\/kurkiecovillage.fi\/en\/wp-json\/wp\/v2\/pages\/103\/revisions\/1856"}],"wp:attachment":[{"href":"https:\/\/kurkiecovillage.fi\/en\/wp-json\/wp\/v2\/media?parent=103"}],"curies":[{"name":"wp","href":"https:\/\/api.w.org\/{rel}","templated":true}]}}