{"id":1052,"date":"2025-02-12T11:54:26","date_gmt":"2025-02-12T13:54:26","guid":{"rendered":"https:\/\/kurkiecovillage.fi\/?page_id=1052"},"modified":"2026-03-06T07:58:10","modified_gmt":"2026-03-06T09:58:10","slug":"monimuotoisuus-puutarha","status":"publish","type":"page","link":"https:\/\/kurkiecovillage.fi\/en\/monimuotoisuus-puutarha\/","title":{"rendered":"Biodiversity garden"},"content":{"rendered":"<p>Kurki Ecovillage Association maintains a biodiversity garden. The EU Rural Development Fund sponsored it in 2022 through the 'Increasing biodiversity in a historic communal yard' project.\u00a0<\/p>\n\n\n\n<p>During the project we increased biodiversity by transforming mainly grassland areas into areas with a diverse range of plants. The purpose is also to collect seeds and ensure the preservation of different species and plants. The garden will continue to be maintained and the presentation and distribution of seeds and seedlings will take place this year, especially in connection with summer cafes and other events we organize, which will allow people to explore the common areas of the ecovillage more widely.<\/p>\n\n\n\n<figure class=\"wp-block-gallery has-nested-images columns-default is-cropped wp-block-gallery-1 is-layout-flex wp-block-gallery-is-layout-flex\">\n<figure class=\"wp-block-image size-large\"><img loading=\"lazy\" decoding=\"async\" width=\"1024\" height=\"768\" data-id=\"1163\" src=\"https:\/\/kurkiecovillage.fi\/wp-content\/uploads\/2025\/02\/WhatsApp-Image-2024-08-21-at-19.59.52-1024x768.jpeg\" alt=\"\" class=\"wp-image-1163\" srcset=\"https:\/\/kurkiecovillage.fi\/wp-content\/uploads\/2025\/02\/WhatsApp-Image-2024-08-21-at-19.59.52-1024x768.jpeg 1024w, https:\/\/kurkiecovillage.fi\/wp-content\/uploads\/2025\/02\/WhatsApp-Image-2024-08-21-at-19.59.52-300x225.jpeg 300w, https:\/\/kurkiecovillage.fi\/wp-content\/uploads\/2025\/02\/WhatsApp-Image-2024-08-21-at-19.59.52-768x576.jpeg 768w, https:\/\/kurkiecovillage.fi\/wp-content\/uploads\/2025\/02\/WhatsApp-Image-2024-08-21-at-19.59.52-1536x1152.jpeg 1536w, https:\/\/kurkiecovillage.fi\/wp-content\/uploads\/2025\/02\/WhatsApp-Image-2024-08-21-at-19.59.52-16x12.jpeg 16w, https:\/\/kurkiecovillage.fi\/wp-content\/uploads\/2025\/02\/WhatsApp-Image-2024-08-21-at-19.59.52.jpeg 1600w\" sizes=\"auto, (max-width: 1024px) 100vw, 1024px\" \/><\/figure>\n\n\n\n<figure class=\"wp-block-image size-large\"><img decoding=\"async\" data-id=\"1158\" src=\"https:\/\/kurkiecovillage.fi\/wp-content\/uploads\/2025\/02\/WhatsApp-Image-2023-08-01-at-18.19.55-1-819x1024.jpeg\" alt=\"\" class=\"wp-image-1158\"\/><\/figure>\n\n\n\n<figure class=\"wp-block-image size-large\"><img loading=\"lazy\" decoding=\"async\" width=\"768\" height=\"1024\" data-id=\"976\" src=\"https:\/\/kurkiecovillage.fi\/wp-content\/uploads\/2024\/12\/IMG_6983-768x1024.jpg\" alt=\"\" class=\"wp-image-976\" srcset=\"https:\/\/kurkiecovillage.fi\/wp-content\/uploads\/2024\/12\/IMG_6983-768x1024.jpg 768w, https:\/\/kurkiecovillage.fi\/wp-content\/uploads\/2024\/12\/IMG_6983-225x300.jpg 225w, https:\/\/kurkiecovillage.fi\/wp-content\/uploads\/2024\/12\/IMG_6983-1152x1536.jpg 1152w, https:\/\/kurkiecovillage.fi\/wp-content\/uploads\/2024\/12\/IMG_6983-1536x2048.jpg 1536w, https:\/\/kurkiecovillage.fi\/wp-content\/uploads\/2024\/12\/IMG_6983-9x12.jpg 9w, https:\/\/kurkiecovillage.fi\/wp-content\/uploads\/2024\/12\/IMG_6983-scaled.jpg 1920w\" sizes=\"auto, (max-width: 768px) 100vw, 768px\" \/><\/figure>\n<\/figure>","protected":false},"excerpt":{"rendered":"<p>Yll\u00e4pid\u00e4mme Kurjen ekokyl\u00e4yhdistyksen vuonna 2022 toteuttamaa biodiversiteettipuutarhaa (EU:n maaseuturahaston rahoittama \u2019Luonnon monimuotoisuuden lis\u00e4\u00e4minen historiallisella yhteispihalla\u2019 -projekti).\u00a0 Hankkeella lis\u00e4ttiin luonnon monimuotoisuutta [&hellip;]<\/p>\n","protected":false},"author":1,"featured_media":0,"parent":0,"menu_order":0,"comment_status":"closed","ping_status":"closed","template":"","meta":{"site-sidebar-layout":"default","site-content-layout":"","ast-site-content-layout":"default","site-content-style":"default","site-sidebar-style":"default","ast-global-header-display":"","ast-banner-title-visibility":"","ast-main-header-display":"","ast-hfb-above-header-display":"","ast-hfb-below-header-display":"","ast-hfb-mobile-header-display":"","site-post-title":"","ast-breadcrumbs-content":"","ast-featured-img":"","footer-sml-layout":"","ast-disable-related-posts":"","theme-transparent-header-meta":"","adv-header-id-meta":"","stick-header-meta":"","header-above-stick-meta":"","header-main-stick-meta":"","header-below-stick-meta":"","astra-migrate-meta-layouts":"default","ast-page-background-enabled":"default","ast-page-background-meta":{"desktop":{"background-color":"var(--ast-global-color-4)","background-image":"","background-repeat":"repeat","background-position":"center center","background-size":"auto","background-attachment":"scroll","background-type":"","background-media":"","overlay-type":"","overlay-color":"","overlay-opacity":"","overlay-gradient":""},"tablet":{"background-color":"","background-image":"","background-repeat":"repeat","background-position":"center center","background-size":"auto","background-attachment":"scroll","background-type":"","background-media":"","overlay-type":"","overlay-color":"","overlay-opacity":"","overlay-gradient":""},"mobile":{"background-color":"","background-image":"","background-repeat":"repeat","background-position":"center center","background-size":"auto","background-attachment":"scroll","background-type":"","background-media":"","overlay-type":"","overlay-color":"","overlay-opacity":"","overlay-gradient":""}},"ast-content-background-meta":{"desktop":{"background-color":"var(--ast-global-color-5)","background-image":"","background-repeat":"repeat","background-position":"center center","background-size":"auto","background-attachment":"scroll","background-type":"","background-media":"","overlay-type":"","overlay-color":"","overlay-opacity":"","overlay-gradient":""},"tablet":{"background-color":"var(--ast-global-color-5)","background-image":"","background-repeat":"repeat","background-position":"center center","background-size":"auto","background-attachment":"scroll","background-type":"","background-media":"","overlay-type":"","overlay-color":"","overlay-opacity":"","overlay-gradient":""},"mobile":{"background-color":"var(--ast-global-color-5)","background-image":"","background-repeat":"repeat","background-position":"center center","background-size":"auto","background-attachment":"scroll","background-type":"","background-media":"","overlay-type":"","overlay-color":"","overlay-opacity":"","overlay-gradient":""}},"footnotes":""},"class_list":["post-1052","page","type-page","status-publish","hentry"],"jetpack_sharing_enabled":true,"_links":{"self":[{"href":"https:\/\/kurkiecovillage.fi\/en\/wp-json\/wp\/v2\/pages\/1052","targetHints":{"allow":["GET"]}}],"collection":[{"href":"https:\/\/kurkiecovillage.fi\/en\/wp-json\/wp\/v2\/pages"}],"about":[{"href":"https:\/\/kurkiecovillage.fi\/en\/wp-json\/wp\/v2\/types\/page"}],"author":[{"embeddable":true,"href":"https:\/\/kurkiecovillage.fi\/en\/wp-json\/wp\/v2\/users\/1"}],"replies":[{"embeddable":true,"href":"https:\/\/kurkiecovillage.fi\/en\/wp-json\/wp\/v2\/comments?post=1052"}],"version-history":[{"count":4,"href":"https:\/\/kurkiecovillage.fi\/en\/wp-json\/wp\/v2\/pages\/1052\/revisions"}],"predecessor-version":[{"id":1201,"href":"https:\/\/kurkiecovillage.fi\/en\/wp-json\/wp\/v2\/pages\/1052\/revisions\/1201"}],"wp:attachment":[{"href":"https:\/\/kurkiecovillage.fi\/en\/wp-json\/wp\/v2\/media?parent=1052"}],"curies":[{"name":"wp","href":"https:\/\/api.w.org\/{rel}","templated":true}]}}