{"id":1055,"date":"2025-02-12T11:55:13","date_gmt":"2025-02-12T13:55:13","guid":{"rendered":"https:\/\/kurkiecovillage.fi\/?page_id=1055"},"modified":"2026-03-06T07:58:06","modified_gmt":"2026-03-06T09:58:06","slug":"kestavan-kehityksen-keskus","status":"publish","type":"page","link":"https:\/\/kurkiecovillage.fi\/en\/kestavan-kehityksen-keskus\/","title":{"rendered":"Centre for Sustainable Development"},"content":{"rendered":"<p><em>Kurki Ecovillage Association received a positive decision from Leader Kantri for the Centre for Sustainable Development project application! We receive EU rural funding to renovate an old barn building<\/em> \ud83d\ude42<\/p>\n\n\n\n<p>Hankkeen aikana navetasta luodaan kest\u00e4v\u00e4n kehityksen keskus, jonka toiminnan ytimess\u00e4 on vastuullisen el\u00e4m\u00e4ntavan ja monimuotoisuuden aktiivinen edist\u00e4minen. Siit\u00e4 tulee esteet\u00f6n, monipuolisesti palveleva tila yhdistyksen ja ulkopuolisten toimintaan. Kest\u00e4v\u00e4n kehityksen keskuksessa voidaan j\u00e4rjest\u00e4\u00e4 kulttuuritapahtumia, koulutuksia, kursseja, liikuntaa, harrastuksia ja muita kest\u00e4v\u00e4\u00e4n el\u00e4m\u00e4ntapaan liittyvi\u00e4 tilaisuuksia eri ik\u00e4- ja viiteryhmille.&nbsp;Valmista pit\u00e4isi olla vuoden 2027 loppuun menness\u00e4. Ehk\u00e4 jo pian tanssimme t\u00e4\u00e4ll\u00e4, pid\u00e4mme hyvinvointity\u00f6pajoja ja harjoitamme omavaraisen el\u00e4m\u00e4n aakkosia. Ehk\u00e4 ty\u00f6yhteis\u00f6si haluaa kehitysp\u00e4iville maaseudun rauhaan. Ehk\u00e4 kaipaat rauhallista mutta yhteis\u00f6llist\u00e4 tilaa omiin puuhiisi. Kaikkea t\u00e4t\u00e4 ja paljon muuta tulossa! Tulemme tarjoamaan tilaa my\u00f6s muille toimijoille, joten tarkkailehan p\u00e4ivityksi\u00e4 aiheesta!<\/p>\n\n\n\n<figure class=\"wp-block-gallery has-nested-images columns-default is-cropped wp-block-gallery-1 is-layout-flex wp-block-gallery-is-layout-flex\">\n<figure class=\"wp-block-image size-large\"><img loading=\"lazy\" decoding=\"async\" width=\"1024\" height=\"768\" data-id=\"1231\" src=\"https:\/\/kurkiecovillage.fi\/wp-content\/uploads\/2025\/03\/PXL_20240926_084947585-1024x768.jpg\" alt=\"\" class=\"wp-image-1231\" srcset=\"https:\/\/kurkiecovillage.fi\/wp-content\/uploads\/2025\/03\/PXL_20240926_084947585-1024x768.jpg 1024w, https:\/\/kurkiecovillage.fi\/wp-content\/uploads\/2025\/03\/PXL_20240926_084947585-300x225.jpg 300w, https:\/\/kurkiecovillage.fi\/wp-content\/uploads\/2025\/03\/PXL_20240926_084947585-768x576.jpg 768w, https:\/\/kurkiecovillage.fi\/wp-content\/uploads\/2025\/03\/PXL_20240926_084947585-1536x1152.jpg 1536w, https:\/\/kurkiecovillage.fi\/wp-content\/uploads\/2025\/03\/PXL_20240926_084947585-2048x1536.jpg 2048w, https:\/\/kurkiecovillage.fi\/wp-content\/uploads\/2025\/03\/PXL_20240926_084947585-16x12.jpg 16w\" sizes=\"auto, (max-width: 1024px) 100vw, 1024px\" \/><\/figure>\n\n\n\n<figure class=\"wp-block-image size-large\"><img loading=\"lazy\" decoding=\"async\" width=\"1024\" height=\"771\" data-id=\"2122\" src=\"http:\/\/kurkiecovillage.fi\/wp-content\/uploads\/2026\/02\/KKK-pyorea-huone-1024x771.jpeg\" alt=\"\" class=\"wp-image-2122\" srcset=\"https:\/\/kurkiecovillage.fi\/wp-content\/uploads\/2026\/02\/KKK-pyorea-huone-1024x771.jpeg 1024w, https:\/\/kurkiecovillage.fi\/wp-content\/uploads\/2026\/02\/KKK-pyorea-huone-300x226.jpeg 300w, https:\/\/kurkiecovillage.fi\/wp-content\/uploads\/2026\/02\/KKK-pyorea-huone-768x578.jpeg 768w, https:\/\/kurkiecovillage.fi\/wp-content\/uploads\/2026\/02\/KKK-pyorea-huone-1536x1156.jpeg 1536w, https:\/\/kurkiecovillage.fi\/wp-content\/uploads\/2026\/02\/KKK-pyorea-huone-16x12.jpeg 16w, https:\/\/kurkiecovillage.fi\/wp-content\/uploads\/2026\/02\/KKK-pyorea-huone.jpeg 1600w\" sizes=\"auto, (max-width: 1024px) 100vw, 1024px\" \/><\/figure>\n<\/figure>\n\n\n\n<figure class=\"wp-block-gallery has-nested-images columns-default is-cropped wp-block-gallery-2 is-layout-flex wp-block-gallery-is-layout-flex\">\n<figure class=\"wp-block-image size-large\"><img loading=\"lazy\" decoding=\"async\" width=\"768\" height=\"1024\" data-id=\"1330\" src=\"https:\/\/kurkiecovillage.fi\/wp-content\/uploads\/2025\/03\/PXL_20230711_082814873-768x1024.jpg\" alt=\"\" class=\"wp-image-1330\" srcset=\"https:\/\/kurkiecovillage.fi\/wp-content\/uploads\/2025\/03\/PXL_20230711_082814873-768x1024.jpg 768w, https:\/\/kurkiecovillage.fi\/wp-content\/uploads\/2025\/03\/PXL_20230711_082814873-225x300.jpg 225w, https:\/\/kurkiecovillage.fi\/wp-content\/uploads\/2025\/03\/PXL_20230711_082814873-1152x1536.jpg 1152w, https:\/\/kurkiecovillage.fi\/wp-content\/uploads\/2025\/03\/PXL_20230711_082814873-1536x2048.jpg 1536w, https:\/\/kurkiecovillage.fi\/wp-content\/uploads\/2025\/03\/PXL_20230711_082814873-9x12.jpg 9w, https:\/\/kurkiecovillage.fi\/wp-content\/uploads\/2025\/03\/PXL_20230711_082814873-scaled.jpg 1920w\" sizes=\"auto, (max-width: 768px) 100vw, 768px\" \/><\/figure>\n\n\n\n<figure class=\"wp-block-image size-large\"><img loading=\"lazy\" decoding=\"async\" width=\"768\" height=\"1024\" data-id=\"1332\" src=\"https:\/\/kurkiecovillage.fi\/wp-content\/uploads\/2025\/03\/PXL_20230712_111559521-768x1024.jpg\" alt=\"\" class=\"wp-image-1332\" srcset=\"https:\/\/kurkiecovillage.fi\/wp-content\/uploads\/2025\/03\/PXL_20230712_111559521-768x1024.jpg 768w, https:\/\/kurkiecovillage.fi\/wp-content\/uploads\/2025\/03\/PXL_20230712_111559521-225x300.jpg 225w, https:\/\/kurkiecovillage.fi\/wp-content\/uploads\/2025\/03\/PXL_20230712_111559521-1152x1536.jpg 1152w, https:\/\/kurkiecovillage.fi\/wp-content\/uploads\/2025\/03\/PXL_20230712_111559521-1536x2048.jpg 1536w, https:\/\/kurkiecovillage.fi\/wp-content\/uploads\/2025\/03\/PXL_20230712_111559521-9x12.jpg 9w, https:\/\/kurkiecovillage.fi\/wp-content\/uploads\/2025\/03\/PXL_20230712_111559521-scaled.jpg 1920w\" sizes=\"auto, (max-width: 768px) 100vw, 768px\" \/><\/figure>\n\n\n\n<figure class=\"wp-block-image size-large\"><img loading=\"lazy\" decoding=\"async\" width=\"768\" height=\"1024\" data-id=\"1295\" src=\"http:\/\/kurkiecovillage.fi\/wp-content\/uploads\/2025\/03\/PXL_20230712_111529969.MP_-768x1024.jpg\" alt=\"\" class=\"wp-image-1295\" srcset=\"https:\/\/kurkiecovillage.fi\/wp-content\/uploads\/2025\/03\/PXL_20230712_111529969.MP_-768x1024.jpg 768w, https:\/\/kurkiecovillage.fi\/wp-content\/uploads\/2025\/03\/PXL_20230712_111529969.MP_-225x300.jpg 225w, https:\/\/kurkiecovillage.fi\/wp-content\/uploads\/2025\/03\/PXL_20230712_111529969.MP_-1152x1536.jpg 1152w, https:\/\/kurkiecovillage.fi\/wp-content\/uploads\/2025\/03\/PXL_20230712_111529969.MP_-1536x2048.jpg 1536w, https:\/\/kurkiecovillage.fi\/wp-content\/uploads\/2025\/03\/PXL_20230712_111529969.MP_-9x12.jpg 9w, https:\/\/kurkiecovillage.fi\/wp-content\/uploads\/2025\/03\/PXL_20230712_111529969.MP_-scaled.jpg 1920w\" sizes=\"auto, (max-width: 768px) 100vw, 768px\" \/><\/figure>\n<\/figure>\n\n\n\n<figure class=\"wp-block-gallery has-nested-images columns-default is-cropped wp-block-gallery-3 is-layout-flex wp-block-gallery-is-layout-flex\">\n<figure class=\"wp-block-image size-large\"><img loading=\"lazy\" decoding=\"async\" width=\"2560\" height=\"1441\" data-id=\"1730\" src=\"https:\/\/kurkiecovillage.fi\/wp-content\/uploads\/2025\/10\/PXL_20240416_120559431-edited-scaled.jpg\" alt=\"\" class=\"wp-image-1730\" srcset=\"https:\/\/kurkiecovillage.fi\/wp-content\/uploads\/2025\/10\/PXL_20240416_120559431-edited-scaled.jpg 2560w, https:\/\/kurkiecovillage.fi\/wp-content\/uploads\/2025\/10\/PXL_20240416_120559431-edited-300x169.jpg 300w, https:\/\/kurkiecovillage.fi\/wp-content\/uploads\/2025\/10\/PXL_20240416_120559431-edited-1024x576.jpg 1024w, https:\/\/kurkiecovillage.fi\/wp-content\/uploads\/2025\/10\/PXL_20240416_120559431-edited-768x432.jpg 768w, https:\/\/kurkiecovillage.fi\/wp-content\/uploads\/2025\/10\/PXL_20240416_120559431-edited-1536x865.jpg 1536w, https:\/\/kurkiecovillage.fi\/wp-content\/uploads\/2025\/10\/PXL_20240416_120559431-edited-2048x1153.jpg 2048w, https:\/\/kurkiecovillage.fi\/wp-content\/uploads\/2025\/10\/PXL_20240416_120559431-edited-18x10.jpg 18w\" sizes=\"auto, (max-width: 2560px) 100vw, 2560px\" \/><\/figure>\n\n\n\n<figure class=\"wp-block-image size-large\"><img loading=\"lazy\" decoding=\"async\" width=\"1024\" height=\"768\" data-id=\"1228\" src=\"https:\/\/kurkiecovillage.fi\/wp-content\/uploads\/2025\/03\/PXL_20240926_081855083-1024x768.jpg\" alt=\"\" class=\"wp-image-1228\" srcset=\"https:\/\/kurkiecovillage.fi\/wp-content\/uploads\/2025\/03\/PXL_20240926_081855083-1024x768.jpg 1024w, https:\/\/kurkiecovillage.fi\/wp-content\/uploads\/2025\/03\/PXL_20240926_081855083-300x225.jpg 300w, https:\/\/kurkiecovillage.fi\/wp-content\/uploads\/2025\/03\/PXL_20240926_081855083-768x576.jpg 768w, https:\/\/kurkiecovillage.fi\/wp-content\/uploads\/2025\/03\/PXL_20240926_081855083-1536x1152.jpg 1536w, https:\/\/kurkiecovillage.fi\/wp-content\/uploads\/2025\/03\/PXL_20240926_081855083-2048x1536.jpg 2048w, https:\/\/kurkiecovillage.fi\/wp-content\/uploads\/2025\/03\/PXL_20240926_081855083-16x12.jpg 16w\" sizes=\"auto, (max-width: 1024px) 100vw, 1024px\" \/><\/figure>\n<\/figure>\n\n\n\n<figure class=\"wp-block-image size-full is-resized\"><img loading=\"lazy\" decoding=\"async\" width=\"1024\" height=\"215\" src=\"http:\/\/kurkiecovillage.fi\/wp-content\/uploads\/2025\/10\/FI-Euroopan-unionin-osarahoittama-2.jpg\" alt=\"\" class=\"wp-image-1683\" style=\"width:452px;height:auto\"\/><\/figure>\n\n\n\n<figure class=\"wp-block-image size-full is-resized\"><img loading=\"lazy\" decoding=\"async\" width=\"600\" height=\"420\" src=\"http:\/\/kurkiecovillage.fi\/wp-content\/uploads\/2024\/08\/Leader-logo-rgb-Kantri-ISO.jpg\" alt=\"\" class=\"wp-image-531\" style=\"width:132px;height:auto\" srcset=\"https:\/\/kurkiecovillage.fi\/wp-content\/uploads\/2024\/08\/Leader-logo-rgb-Kantri-ISO.jpg 600w, https:\/\/kurkiecovillage.fi\/wp-content\/uploads\/2024\/08\/Leader-logo-rgb-Kantri-ISO-300x210.jpg 300w, https:\/\/kurkiecovillage.fi\/wp-content\/uploads\/2024\/08\/Leader-logo-rgb-Kantri-ISO-18x12.jpg 18w\" sizes=\"auto, (max-width: 600px) 100vw, 600px\" \/><\/figure>\n\n\n\n<p><\/p>","protected":false},"excerpt":{"rendered":"<p>Kurjen ekokyl\u00e4yhdistys ry sai positiivisen p\u00e4\u00e4t\u00f6ksen Leader Kantrilta Kest\u00e4v\u00e4n kehityksen keskus -hankehaulle! Saamme EU:n maaseuturahoitusta vanhan navettarakennuksen kunnostamiseen \ud83d\ude42 Hankkeen [&hellip;]<\/p>\n","protected":false},"author":1,"featured_media":0,"parent":0,"menu_order":0,"comment_status":"closed","ping_status":"closed","template":"","meta":{"site-sidebar-layout":"default","site-content-layout":"","ast-site-content-layout":"default","site-content-style":"default","site-sidebar-style":"default","ast-global-header-display":"","ast-banner-title-visibility":"","ast-main-header-display":"","ast-hfb-above-header-display":"","ast-hfb-below-header-display":"","ast-hfb-mobile-header-display":"","site-post-title":"","ast-breadcrumbs-content":"","ast-featured-img":"","footer-sml-layout":"","ast-disable-related-posts":"","theme-transparent-header-meta":"","adv-header-id-meta":"","stick-header-meta":"","header-above-stick-meta":"","header-main-stick-meta":"","header-below-stick-meta":"","astra-migrate-meta-layouts":"default","ast-page-background-enabled":"default","ast-page-background-meta":{"desktop":{"background-color":"var(--ast-global-color-4)","background-image":"","background-repeat":"repeat","background-position":"center center","background-size":"auto","background-attachment":"scroll","background-type":"","background-media":"","overlay-type":"","overlay-color":"","overlay-opacity":"","overlay-gradient":""},"tablet":{"background-color":"","background-image":"","background-repeat":"repeat","background-position":"center center","background-size":"auto","background-attachment":"scroll","background-type":"","background-media":"","overlay-type":"","overlay-color":"","overlay-opacity":"","overlay-gradient":""},"mobile":{"background-color":"","background-image":"","background-repeat":"repeat","background-position":"center center","background-size":"auto","background-attachment":"scroll","background-type":"","background-media":"","overlay-type":"","overlay-color":"","overlay-opacity":"","overlay-gradient":""}},"ast-content-background-meta":{"desktop":{"background-color":"var(--ast-global-color-5)","background-image":"","background-repeat":"repeat","background-position":"center center","background-size":"auto","background-attachment":"scroll","background-type":"","background-media":"","overlay-type":"","overlay-color":"","overlay-opacity":"","overlay-gradient":""},"tablet":{"background-color":"var(--ast-global-color-5)","background-image":"","background-repeat":"repeat","background-position":"center center","background-size":"auto","background-attachment":"scroll","background-type":"","background-media":"","overlay-type":"","overlay-color":"","overlay-opacity":"","overlay-gradient":""},"mobile":{"background-color":"var(--ast-global-color-5)","background-image":"","background-repeat":"repeat","background-position":"center center","background-size":"auto","background-attachment":"scroll","background-type":"","background-media":"","overlay-type":"","overlay-color":"","overlay-opacity":"","overlay-gradient":""}},"footnotes":""},"class_list":["post-1055","page","type-page","status-publish","hentry"],"jetpack_sharing_enabled":true,"_links":{"self":[{"href":"https:\/\/kurkiecovillage.fi\/en\/wp-json\/wp\/v2\/pages\/1055","targetHints":{"allow":["GET"]}}],"collection":[{"href":"https:\/\/kurkiecovillage.fi\/en\/wp-json\/wp\/v2\/pages"}],"about":[{"href":"https:\/\/kurkiecovillage.fi\/en\/wp-json\/wp\/v2\/types\/page"}],"author":[{"embeddable":true,"href":"https:\/\/kurkiecovillage.fi\/en\/wp-json\/wp\/v2\/users\/1"}],"replies":[{"embeddable":true,"href":"https:\/\/kurkiecovillage.fi\/en\/wp-json\/wp\/v2\/comments?post=1055"}],"version-history":[{"count":18,"href":"https:\/\/kurkiecovillage.fi\/en\/wp-json\/wp\/v2\/pages\/1055\/revisions"}],"predecessor-version":[{"id":2123,"href":"https:\/\/kurkiecovillage.fi\/en\/wp-json\/wp\/v2\/pages\/1055\/revisions\/2123"}],"wp:attachment":[{"href":"https:\/\/kurkiecovillage.fi\/en\/wp-json\/wp\/v2\/media?parent=1055"}],"curies":[{"name":"wp","href":"https:\/\/api.w.org\/{rel}","templated":true}]}}