{"id":1058,"date":"2025-02-12T11:57:52","date_gmt":"2025-02-12T13:57:52","guid":{"rendered":"https:\/\/kurkiecovillage.fi\/?page_id=1058"},"modified":"2026-04-01T05:25:26","modified_gmt":"2026-04-01T07:25:26","slug":"syotava-metsapuutarha","status":"publish","type":"page","link":"https:\/\/kurkiecovillage.fi\/en\/syotava-metsapuutarha\/","title":{"rendered":"Edible forest garden"},"content":{"rendered":"\n<p class=\"has-text-align-center\">Sy\u00f6t\u00e4v\u00e4 mets\u00e4puutarha on monikerroksinen puutarhaekosysteemi, joka tuottaa monipuolisesti satoa ja muita hy\u00f6dykkeit\u00e4 parantaen samalla ymp\u00e4rist\u00f6n tilaa. Se on my\u00f6s tapa varautua ilmastonmuutokseen ja sen mukanaan tuomiin haasteisiin ruoantuotannossa. <\/p>\n\n\n\n<p class=\"has-text-align-center\">Tervetuloa tapahtumiimme oppimaan sy\u00f6t\u00e4vist\u00e4 mets\u00e4puutarhoista!<\/p>\n\n\n\n<figure class=\"wp-block-image aligncenter size-full is-resized\"><a href=\"https:\/\/forms.gle\/BH5Z8aqn7DgLcQiS8\" target=\"_blank\" rel=\" noreferrer noopener\"><img loading=\"lazy\" decoding=\"async\" width=\"940\" height=\"788\" src=\"https:\/\/kurkiecovillage.fi\/wp-content\/uploads\/2026\/03\/kurssimainos.png\" alt=\"\" class=\"wp-image-2136\" style=\"width:608px;height:auto\" srcset=\"https:\/\/kurkiecovillage.fi\/wp-content\/uploads\/2026\/03\/kurssimainos.png 940w, https:\/\/kurkiecovillage.fi\/wp-content\/uploads\/2026\/03\/kurssimainos-300x251.png 300w, https:\/\/kurkiecovillage.fi\/wp-content\/uploads\/2026\/03\/kurssimainos-768x644.png 768w, https:\/\/kurkiecovillage.fi\/wp-content\/uploads\/2026\/03\/kurssimainos-14x12.png 14w\" sizes=\"auto, (max-width: 940px) 100vw, 940px\" \/><\/a><\/figure>\n\n\n\n<div class=\"wp-block-buttons is-content-justification-center is-layout-flex wp-container-core-buttons-is-layout-a89b3969 wp-block-buttons-is-layout-flex\">\n<div class=\"wp-block-button\"><a class=\"wp-block-button__link has-text-align-center wp-element-button\" href=\"https:\/\/forms.gle\/MByynF1GosBGBzHx7\" target=\"_blank\" rel=\"noreferrer noopener\">Katso ohjelma ja ilmoittaudu kurssille<\/a><\/div>\n<\/div>\n\n\n\n<p><strong>Menneit\u00e4 tapahtumia<\/strong><\/p>\n\n\n\n<ul class=\"wp-block-list\">\n<li><a href=\"https:\/\/www.ilmastoviisas.fi\/metsapuutarhoja-ja-puustoista-maataloutta-suomessa-webinaari-4-2-2025\/\" target=\"_blank\" rel=\"noreferrer noopener\">Webinaari: Mets\u00e4puutarhoja ja puustoista maataloutta Suomessa 4.2.<\/a> (suomeksi)<\/li>\n\n\n\n<li><a href=\"https:\/\/www.ilmastoviisas.fi\/forest-gardening-and-agroforestry-in-the-nordics-webinar-11-2-2026\/\" target=\"_blank\" rel=\"noreferrer noopener\">Webinar: Forest gardening and agroforestry in the Nordics 11.2.<\/a> (in English)<\/li>\n<\/ul>\n\n\n\n<p><\/p>\n\n\n\n<p><strong>Tulossa vuonna 2026 <\/strong>(lis\u00e4tietoja tulossa my\u00f6hemmin)<\/p>\n\n\n\n<ul class=\"wp-block-list\">\n<li><a href=\"https:\/\/docs.google.com\/forms\/d\/e\/1FAIpQLSc2U459SJCkE8RrVJuh9-6ZNiI9ID0t-kICvDbNluG1lOC63Q\/closedform\" target=\"_blank\" rel=\"noreferrer noopener\">Ty\u00f6paja: Sy\u00f6t\u00e4v\u00e4n mets\u00e4puutarhan perustaminen 26.4.<\/a> (T\u00c4YNN\u00c4)<\/li>\n\n\n\n<li><a href=\"https:\/\/forms.gle\/BH5Z8aqn7DgLcQiS8\" target=\"_blank\" rel=\"noreferrer noopener\">Kurssi Kurjen ekokyl\u00e4ss\u00e4 12.-13.6.<\/a> (ILMOITTAUTUMINEN AUKI)<\/li>\n\n\n\n<li>Kurssi Teiskon Salonsaaressa 4.-5.8.&nbsp;<\/li>\n\n\n\n<li><a href=\"https:\/\/kurkiecovillage.fi\/tulossa-olevia-tapahtumia-metsapuutarhoista-kiinnostuneille\/\">Opintomatka: Sy\u00f6t\u00e4v\u00e4t mets\u00e4puutarhat Etel\u00e4-Ruotsissa ja Tanskassa 21.-24.8.<\/a> (T\u00c4YNN\u00c4)<\/li>\n\n\n\n<li>Opintomatka: AhlmanEdun, Tesoman ja Frantsilan mets\u00e4puutarhat 19.9. <\/li>\n\n\n\n<li>Ty\u00f6paja Teiskon Salonsaaressa 26.9.<\/li>\n<\/ul>\n\n\n\n<p><\/p>\n\n\n\n<p><strong>Mets\u00e4puutarhoja kaikille -hanke<\/strong><\/p>\n\n\n\n<p>Kurjen ekokyl\u00e4yhdistys ry yhdess\u00e4 Teiskon Salonsaaren tukiyhdistys ry:n kanssa on saanut EU:n maaseuturahoitusta Pirkanmaan ELY-keskukselta. Mets\u00e4puutarhoja kaikille \u2013 alueellisen mets\u00e4puutarhaverkoston kehitt\u00e4minen -hanke alkoi 1.10.2025 ja se jatkuu vuoden 2027 loppuun asti. Hankkeen tavoitteena on kehitt\u00e4\u00e4 kest\u00e4v\u00e4\u00e4 ruoantuotannon menetelm\u00e4\u00e4, vahvistaa yhteisty\u00f6verkostoja, selvitt\u00e4\u00e4 erilaisten kohderyhmien tarpeita sek\u00e4 lis\u00e4t\u00e4 mets\u00e4puutarhojen m\u00e4\u00e4r\u00e4\u00e4 Pirkanmaalla.<\/p>\n\n\n\n<p>Viestint\u00e4, tiedon jakaminen ja verkostojen luominen on keskeinen osa hankkeessa teht\u00e4v\u00e4\u00e4 toimintaa. Hankkeen aikana j\u00e4rjestet\u00e4\u00e4n kaikille avoimia kursseja, ty\u00f6pajoja, webinaareja ja opintomatkoja, joissa voi oppia lis\u00e4\u00e4 mets\u00e4puutarhoista ja niiden perustamisesta. Hankkeen hy\u00f6dynsaajiin kuuluvat mm. aiheesta kiinnostuneet puutarhurit ja maanviljelij\u00e4t, tutkijat, opettajat ja opiskelijat sek\u00e4 tavalliset kuluttajat. Sy\u00f6t\u00e4v\u00e4 mets\u00e4puutarha sopii my\u00f6s matkailukohteeksi.&nbsp;<\/p>\n\n\n\n<p>Toiminnan tuloksena vahvistetaan kohderyhmien tietotaitoa sy\u00f6t\u00e4vist\u00e4 mets\u00e4puutarhoista sek\u00e4 edistet\u00e4\u00e4n verkostoitumista erilaisten toimijoiden kesken. Ymm\u00e4rrys ruoantuotannosta syvenee k\u00e4yt\u00e4nn\u00f6n tekemisen kautta. Kurjen ekokyl\u00e4 ja Teiskon Salonsaari toimivat mets\u00e4puutarhatoiminnan el\u00e4vin\u00e4 esimerkkein\u00e4, joiden kokemuksista voivat toiset ottaa oppia.<\/p>\n\n\n\n<div class=\"wp-block-group has-background has-small-font-size is-layout-constrained wp-container-core-group-is-layout-2d1e4d03 wp-block-group-is-layout-constrained\" style=\"background-color:#4d6f40;margin-top:var(--wp--preset--spacing--40);margin-bottom:var(--wp--preset--spacing--40)\"><script>(function() {\n\twindow.mc4wp = window.mc4wp || {\n\t\tlisteners: [],\n\t\tforms: {\n\t\t\ton: function(evt, cb) {\n\t\t\t\twindow.mc4wp.listeners.push(\n\t\t\t\t\t{\n\t\t\t\t\t\tevent   : evt,\n\t\t\t\t\t\tcallback: cb\n\t\t\t\t\t}\n\t\t\t\t);\n\t\t\t}\n\t\t}\n\t}\n})();\n<\/script><!-- Mailchimp for WordPress v4.12.2 - https:\/\/wordpress.org\/plugins\/mailchimp-for-wp\/ --><form id=\"mc4wp-form-1\" class=\"mc4wp-form mc4wp-form-496\" method=\"post\" data-id=\"496\" data-name=\"\" ><div class=\"mc4wp-form-fields\"><p>\r\n    <b>LIITY UUTISKIRJEEN TILAAJAKSI<b>\r\n\t<label> \r\n\t\t<input type=\"email\" name=\"EMAIL\" placeholder=\"S\u00e4hk\u00f6postiosoite\" required \/>\r\n\t<\/label>\r\n<p>\r\n    <label>Haluan saada tietoa:&ensp;<\/label>\r\n    <input type=\"checkbox\" name=\"INTERESTS[5f24e02173][]\" value=\"dc2eecd906\" checked=\"true\"> <span>yleisesti toiminnasta &ensp;\r\n    <input type=\"checkbox\" name=\"INTERESTS[5f24e02173][]\" value=\"e7a703ac47\"> <span>ESC -toiminnasta\r\n<p>\r\n  \t<label>Tilaamalla uutiskirjeen hyv\u00e4ksyn tietojeni tallentamisen ja k\u00e4sittelyn<\/label><label>\u00a0<u><a href=\"https:\/\/kurkiecovillage.fi\/rekisteri-ja-tietosuojaseloste\/\">tietosuojaselosteessa<\/a><\/u><\/label><label>  kuvatulla tavalla.<\/label>\r\n<\/p>\r\n<p>\r\n\t<input type=\"submit\" value=\"Tilaa\" \/>\r\n<\/p>\r\n  <\/div><label style=\"display: none !important;\">Leave this field empty if you&#8217;re human: <input type=\"text\" name=\"_mc4wp_honeypot\" value=\"\" tabindex=\"-1\" autocomplete=\"off\" \/><\/label><input type=\"hidden\" name=\"_mc4wp_timestamp\" value=\"1776848154\" \/><input type=\"hidden\" name=\"_mc4wp_form_id\" value=\"496\" \/><input type=\"hidden\" name=\"_mc4wp_form_element_id\" value=\"mc4wp-form-1\" \/><div class=\"mc4wp-response\"><\/div><\/form><!-- \/ Mailchimp for WordPress Plugin --><\/div>\n\n\n\n<figure class=\"wp-block-gallery has-nested-images columns-default is-cropped wp-block-gallery-1 is-layout-flex wp-block-gallery-is-layout-flex\">\n<figure class=\"wp-block-image size-large\"><img loading=\"lazy\" decoding=\"async\" width=\"1024\" height=\"768\" data-id=\"1706\" src=\"https:\/\/kurkiecovillage.fi\/wp-content\/uploads\/2025\/10\/aloituskokous-1024x768.jpg\" alt=\"\" class=\"wp-image-1706\" srcset=\"https:\/\/kurkiecovillage.fi\/wp-content\/uploads\/2025\/10\/aloituskokous-1024x768.jpg 1024w, https:\/\/kurkiecovillage.fi\/wp-content\/uploads\/2025\/10\/aloituskokous-300x225.jpg 300w, https:\/\/kurkiecovillage.fi\/wp-content\/uploads\/2025\/10\/aloituskokous-768x576.jpg 768w, https:\/\/kurkiecovillage.fi\/wp-content\/uploads\/2025\/10\/aloituskokous-1536x1152.jpg 1536w, https:\/\/kurkiecovillage.fi\/wp-content\/uploads\/2025\/10\/aloituskokous-16x12.jpg 16w, https:\/\/kurkiecovillage.fi\/wp-content\/uploads\/2025\/10\/aloituskokous.jpg 2048w\" sizes=\"auto, (max-width: 1024px) 100vw, 1024px\" \/><figcaption class=\"wp-element-caption\">Hankkeen ty\u00f6ntekij\u00f6it\u00e4<\/figcaption><\/figure>\n\n\n\n<figure class=\"wp-block-image size-large\"><img loading=\"lazy\" decoding=\"async\" width=\"1024\" height=\"771\" data-id=\"1710\" src=\"http:\/\/kurkiecovillage.fi\/wp-content\/uploads\/2025\/10\/aloit-1024x771.jpg\" alt=\"\" class=\"wp-image-1710\" srcset=\"https:\/\/kurkiecovillage.fi\/wp-content\/uploads\/2025\/10\/aloit-1024x771.jpg 1024w, https:\/\/kurkiecovillage.fi\/wp-content\/uploads\/2025\/10\/aloit-300x226.jpg 300w, https:\/\/kurkiecovillage.fi\/wp-content\/uploads\/2025\/10\/aloit-768x578.jpg 768w, https:\/\/kurkiecovillage.fi\/wp-content\/uploads\/2025\/10\/aloit-1536x1157.jpg 1536w, https:\/\/kurkiecovillage.fi\/wp-content\/uploads\/2025\/10\/aloit-16x12.jpg 16w, https:\/\/kurkiecovillage.fi\/wp-content\/uploads\/2025\/10\/aloit.jpg 2040w\" sizes=\"auto, (max-width: 1024px) 100vw, 1024px\" \/><figcaption class=\"wp-element-caption\">Elina Nurmi ja Hannes Tuohiniitty<\/figcaption><\/figure>\n\n\n\n<figure class=\"wp-block-image size-large\"><img loading=\"lazy\" decoding=\"async\" width=\"1024\" height=\"771\" data-id=\"1711\" src=\"http:\/\/kurkiecovillage.fi\/wp-content\/uploads\/2025\/10\/aloitus-1024x771.jpg\" alt=\"\" class=\"wp-image-1711\" srcset=\"https:\/\/kurkiecovillage.fi\/wp-content\/uploads\/2025\/10\/aloitus-1024x771.jpg 1024w, https:\/\/kurkiecovillage.fi\/wp-content\/uploads\/2025\/10\/aloitus-300x226.jpg 300w, https:\/\/kurkiecovillage.fi\/wp-content\/uploads\/2025\/10\/aloitus-768x578.jpg 768w, https:\/\/kurkiecovillage.fi\/wp-content\/uploads\/2025\/10\/aloitus-1536x1157.jpg 1536w, https:\/\/kurkiecovillage.fi\/wp-content\/uploads\/2025\/10\/aloitus-16x12.jpg 16w, https:\/\/kurkiecovillage.fi\/wp-content\/uploads\/2025\/10\/aloitus.jpg 2040w\" sizes=\"auto, (max-width: 1024px) 100vw, 1024px\" \/><figcaption class=\"wp-element-caption\">Hankkeen aloituskokous Kurjen ekokyl\u00e4ss\u00e4<\/figcaption><\/figure>\n<\/figure>\n\n\n\n<p><\/p>\n\n\n\n<p><a href=\"https:\/\/maaseutuverkosto.fi\/hankkeet\/metsapuutarhoja-kaikille-alueellisen-metsapuutarhaverkoston-kehittaminen\/\">Lue lis\u00e4\u00e4 hankkeesta.<\/a><\/p>\n\n\n\n<p class=\"has-text-align-left\">Kiinnostaisiko sinua tai organisaatiotanne olla mukana kehitt\u00e4m\u00e4ss\u00e4 sy\u00f6t\u00e4v\u00e4\u00e4 mets\u00e4puutarhaa? <\/p>\n\n\n\n<p class=\"has-text-align-left\">Voit ottaa yhteytt\u00e4 hankkeen projektip\u00e4\u00e4llikk\u00f6\u00f6n Elina Nurmeen elina.k.nurmi (at) gmail.com<\/p>\n\n\n\n<figure class=\"wp-block-image size-full is-resized\"><img loading=\"lazy\" decoding=\"async\" width=\"1024\" height=\"215\" src=\"http:\/\/kurkiecovillage.fi\/wp-content\/uploads\/2025\/10\/FI-Euroopan-unionin-osarahoittama-2.jpg\" alt=\"\" class=\"wp-image-1683\" style=\"width:289px;height:auto\"\/><\/figure>\n\n\n\n<p><\/p>\n","protected":false},"excerpt":{"rendered":"<p>Sy\u00f6t\u00e4v\u00e4 mets\u00e4puutarha on monikerroksinen puutarhaekosysteemi, joka tuottaa monipuolisesti satoa ja muita hy\u00f6dykkeit\u00e4 parantaen samalla ymp\u00e4rist\u00f6n tilaa. Se on my\u00f6s tapa [&hellip;]<\/p>\n","protected":false},"author":1,"featured_media":0,"parent":0,"menu_order":0,"comment_status":"closed","ping_status":"closed","template":"","meta":{"site-sidebar-layout":"default","site-content-layout":"","ast-site-content-layout":"default","site-content-style":"default","site-sidebar-style":"default","ast-global-header-display":"","ast-banner-title-visibility":"","ast-main-header-display":"","ast-hfb-above-header-display":"","ast-hfb-below-header-display":"","ast-hfb-mobile-header-display":"","site-post-title":"","ast-breadcrumbs-content":"","ast-featured-img":"","footer-sml-layout":"","ast-disable-related-posts":"","theme-transparent-header-meta":"","adv-header-id-meta":"","stick-header-meta":"","header-above-stick-meta":"","header-main-stick-meta":"","header-below-stick-meta":"","astra-migrate-meta-layouts":"default","ast-page-background-enabled":"default","ast-page-background-meta":{"desktop":{"background-color":"var(--ast-global-color-4)","background-image":"","background-repeat":"repeat","background-position":"center center","background-size":"auto","background-attachment":"scroll","background-type":"","background-media":"","overlay-type":"","overlay-color":"","overlay-opacity":"","overlay-gradient":""},"tablet":{"background-color":"","background-image":"","background-repeat":"repeat","background-position":"center center","background-size":"auto","background-attachment":"scroll","background-type":"","background-media":"","overlay-type":"","overlay-color":"","overlay-opacity":"","overlay-gradient":""},"mobile":{"background-color":"","background-image":"","background-repeat":"repeat","background-position":"center center","background-size":"auto","background-attachment":"scroll","background-type":"","background-media":"","overlay-type":"","overlay-color":"","overlay-opacity":"","overlay-gradient":""}},"ast-content-background-meta":{"desktop":{"background-color":"var(--ast-global-color-5)","background-image":"","background-repeat":"repeat","background-position":"center center","background-size":"auto","background-attachment":"scroll","background-type":"","background-media":"","overlay-type":"","overlay-color":"","overlay-opacity":"","overlay-gradient":""},"tablet":{"background-color":"var(--ast-global-color-5)","background-image":"","background-repeat":"repeat","background-position":"center center","background-size":"auto","background-attachment":"scroll","background-type":"","background-media":"","overlay-type":"","overlay-color":"","overlay-opacity":"","overlay-gradient":""},"mobile":{"background-color":"var(--ast-global-color-5)","background-image":"","background-repeat":"repeat","background-position":"center center","background-size":"auto","background-attachment":"scroll","background-type":"","background-media":"","overlay-type":"","overlay-color":"","overlay-opacity":"","overlay-gradient":""}},"footnotes":""},"class_list":["post-1058","page","type-page","status-publish","hentry"],"jetpack_sharing_enabled":true,"_links":{"self":[{"href":"https:\/\/kurkiecovillage.fi\/en\/wp-json\/wp\/v2\/pages\/1058","targetHints":{"allow":["GET"]}}],"collection":[{"href":"https:\/\/kurkiecovillage.fi\/en\/wp-json\/wp\/v2\/pages"}],"about":[{"href":"https:\/\/kurkiecovillage.fi\/en\/wp-json\/wp\/v2\/types\/page"}],"author":[{"embeddable":true,"href":"https:\/\/kurkiecovillage.fi\/en\/wp-json\/wp\/v2\/users\/1"}],"replies":[{"embeddable":true,"href":"https:\/\/kurkiecovillage.fi\/en\/wp-json\/wp\/v2\/comments?post=1058"}],"version-history":[{"count":67,"href":"https:\/\/kurkiecovillage.fi\/en\/wp-json\/wp\/v2\/pages\/1058\/revisions"}],"predecessor-version":[{"id":2160,"href":"https:\/\/kurkiecovillage.fi\/en\/wp-json\/wp\/v2\/pages\/1058\/revisions\/2160"}],"wp:attachment":[{"href":"https:\/\/kurkiecovillage.fi\/en\/wp-json\/wp\/v2\/media?parent=1058"}],"curies":[{"name":"wp","href":"https:\/\/api.w.org\/{rel}","templated":true}]}}