{"id":1086,"date":"2025-02-17T19:15:49","date_gmt":"2025-02-17T21:15:49","guid":{"rendered":"https:\/\/kurkiecovillage.fi\/?page_id=1086"},"modified":"2026-03-06T07:56:42","modified_gmt":"2026-03-06T09:56:42","slug":"asumaan-tanne","status":"publish","type":"page","link":"https:\/\/kurkiecovillage.fi\/en\/asumaan-tanne\/","title":{"rendered":"Asumaan t\u00e4nne?"},"content":{"rendered":"<p>Kuvittele paikka, jossa luonnon rauha yhdistyy l\u00e4mminhenkiseen yhteis\u00f6llisyyteen ja arki rakentuu ekologisten periaatteiden ja yhdess\u00e4 tekemisen ymp\u00e4rille. T\u00e4m\u00e4 paikka on Kurjen ekokyl\u00e4 Vesilahdella \u2013 yhteis\u00f6, jossa asukkaat el\u00e4v\u00e4t kest\u00e4v\u00e4\u00e4 ja omavaraisuutta tukevaa el\u00e4m\u00e4\u00e4. Nyt sinulla on mahdollisuus liitty\u00e4 t\u00e4h\u00e4n ainutlaatuiseen joukkoon, sill\u00e4 ekokyl\u00e4ss\u00e4 on tilaa uusille j\u00e4senille, ja myynniss\u00e4 on kaksi hurmaavaa taloa.<\/p>\n\n\n\n<p><strong>Yhteis\u00f6llisyys ja jaettu tulevaisuus<\/strong><\/p>\n\n\n\n<p>Kurjen ekokyl\u00e4ss\u00e4 asuu t\u00e4ll\u00e4 hetkell\u00e4 46 asukasta, joista 10 on lapsia. Yhteis\u00f6 koostuu yhdeks\u00e4st\u00e4 talosta ja yhdest\u00e4toista asunnosta, jotka sijaitsevat 18 hehtaarin kokoisella vanhalla maatilalla, jonka tilukset ulottuvat Pyh\u00e4j\u00e4rven rannalle asti.<\/p>\n\n\n\n<p>Ekokyl\u00e4n syd\u00e4mess\u00e4 on yhdess\u00e4 tekeminen ja jakaminen. Jokaisella asukkaalla on mahdollisuus, oikeus ja velvollisuus osallistua kyl\u00e4n toimintaan \u2013 olipa kyse puutarhanhoidosta, kansainv\u00e4listen projektien py\u00f6ritt\u00e4misest\u00e4, yhti\u00f6n hallinnollisesta ty\u00f6st\u00e4 tai yhteisten tilojen yll\u00e4pidosta. Jokaisen panos on t\u00e4rke\u00e4 ja erilaista osaamista tarvitaan ja arvostetaan. Osakastaloudet jakavat yhteisesti vastuun kyl\u00e4n omavaraisen l\u00e4mp\u00f6- ja vesij\u00e4rjestelm\u00e4n py\u00f6ritt\u00e4misest\u00e4.<\/p>\n\n\n\n<p><strong>Yhteisviljely\u00e4 permakulttuurin hengess\u00e4 ja sy\u00f6t\u00e4v\u00e4 mets\u00e4puutarha<\/strong><\/p>\n\n\n\n<p>Ekokyl\u00e4 pyrkii pitk\u00e4ll\u00e4 t\u00e4ht\u00e4imell\u00e4 luomaan sy\u00f6t\u00e4v\u00e4n mets\u00e4puutarhan, jossa biodiversiteetti kukoistaa ja puut, pensaat ja perennat tarjoavat satoa asukkaille ja tuulensuojaa koko kyl\u00e4lle. T\u00e4ll\u00e4 hetkell\u00e4 kyl\u00e4ss\u00e4 on jo upea permakulttuurinen biodiversiteettipuutarha. My\u00f6s viljely perustuu permakulttuurin periaatteisiin, jotka korostavat kest\u00e4v\u00e4\u00e4 maank\u00e4ytt\u00f6\u00e4 ja luonnon kunnioittamista. Kurjen ekokyl\u00e4 ei ole vain asuinpaikka \u2013 se on el\u00e4m\u00e4ntapa, jossa luonto ja yhteis\u00f6llisyys kulkevat k\u00e4si k\u00e4dess\u00e4.<\/p>\n\n\n\n<p><strong>Ekologisia ratkaisuja arjessa<\/strong><\/p>\n\n\n\n<p>Kurjen ekokyl\u00e4n arki on t\u00e4ynn\u00e4 ekologisia ja kest\u00e4vi\u00e4 ratkaisuja, jotka tukevat vastuullista el\u00e4m\u00e4ntapaa, mm:<\/p>\n\n\n\n<p>&nbsp;&nbsp;&nbsp;&nbsp;&nbsp;&nbsp;&nbsp;&nbsp;&nbsp;&nbsp;&nbsp; \u2022&nbsp;&nbsp;&nbsp;&nbsp;&nbsp;&nbsp;&nbsp;&nbsp;&nbsp;&nbsp;&nbsp;<strong>Vedenk\u00e4ytt\u00f6:<\/strong>&nbsp;Kaikki vesi tulee kyl\u00e4n omasta kaivosta ja harmaat vedet k\u00e4sitell\u00e4\u00e4n kyl\u00e4n omassa j\u00e4tevesipuhdistamossa.<\/p>\n\n\n\n<p>&nbsp;&nbsp;&nbsp;&nbsp;&nbsp;&nbsp;&nbsp;&nbsp;&nbsp;&nbsp;&nbsp; \u2022&nbsp;&nbsp;&nbsp;&nbsp;&nbsp;&nbsp;&nbsp;&nbsp;&nbsp;&nbsp;&nbsp;<strong>Energian ja luonnon resurssien k\u00e4ytt\u00f6:&nbsp;<\/strong>Hakel\u00e4mp\u00f6keskuksessa k\u00e4ytet\u00e4\u00e4n l\u00e4himetsien h\u00e4vikkipuuta ja sadevett\u00e4 ker\u00e4t\u00e4\u00e4n ja k\u00e4ytet\u00e4\u00e4n esimerkiksi puutarhojen kasteluun. Kaikki mahdollinen j\u00e4te kompostoidaan ja ravinteiden luonnollinen kierto toteutuu.<\/p>\n\n\n\n<p>&nbsp;&nbsp;&nbsp;&nbsp;&nbsp;&nbsp;&nbsp;&nbsp;&nbsp;&nbsp;&nbsp; \u2022&nbsp;&nbsp;&nbsp;&nbsp;&nbsp;&nbsp;&nbsp;&nbsp;&nbsp;&nbsp;&nbsp;<strong>Yhteis\u00f6llinen sauna:&nbsp;<\/strong>Sauna l\u00e4mmitet\u00e4\u00e4n useita kertoja viikossa ja toimii yhteisen\u00e4 paikkana rentoutumiselle ja yhdess\u00e4ololle.<\/p>\n\n\n\n<p>&nbsp;&nbsp;&nbsp;&nbsp;&nbsp;&nbsp;&nbsp;&nbsp;&nbsp;&nbsp;&nbsp; \u2022&nbsp;&nbsp;&nbsp;&nbsp;&nbsp;&nbsp;&nbsp;&nbsp;&nbsp;&nbsp;&nbsp;<strong>Biodiversiteettipuutarha:&nbsp;<\/strong>Kyl\u00e4ss\u00e4 on satojen eri kasvien biodiversiteettipuutarha, joka tukee monimuotoisuutta ja kyl\u00e4n omavaraisuutta. Puutarhan antimia k\u00e4ytet\u00e4\u00e4n yhteisruokailuissa ja ne ovat kyl\u00e4l\u00e4isten vapaassa k\u00e4yt\u00f6ss\u00e4. Lis\u00e4ksi siemeni\u00e4 ja taimia jaetaan vierailijoille.<\/p>\n\n\n\n<p>&nbsp;&nbsp;&nbsp;&nbsp;&nbsp;&nbsp;&nbsp;&nbsp;&nbsp;&nbsp;&nbsp; \u2022&nbsp;&nbsp;&nbsp;&nbsp;&nbsp;&nbsp;&nbsp;&nbsp;&nbsp;&nbsp;&nbsp;<strong>Rakentaminen ja liikkuminen:<\/strong>&nbsp;Kaikki rakennukset on rakennettu ja korjattu luonnomukaisesti ja kierr\u00e4tysmateriaaleja suosien. Kyl\u00e4l\u00e4iset pyrkiv\u00e4t j\u00e4rjest\u00e4m\u00e4\u00e4n kimppakyytej\u00e4 mahdollisuuksien mukaan ja julkista liikennett\u00e4 suositaan omien autojen lis\u00e4ksi. TKL:n bussipys\u00e4kki on 1,7 kilometrin p\u00e4\u00e4ss\u00e4 ja Lemp\u00e4\u00e4l\u00e4n juna-asemalle on 12 kilometri\u00e4, Vesilahden keskuksen kaupoille matkaa on noin 3,4 kilometri\u00e4.<\/p>\n\n\n\n<p><strong>El\u00e4m\u00e4\u00e4 kansainv\u00e4lisess\u00e4 yhteis\u00f6ss\u00e4<\/strong><\/p>\n\n\n\n<p>Kurjen ekokyl\u00e4 on my\u00f6s kansainv\u00e4linen kohtaamispaikka, jossa vapaaehtoiset eri puolilta maailmaa ty\u00f6skentelev\u00e4t ja oppivat ymp\u00e4rivuotisesti. Vapaaehtoiset osallistuvat esimerkiksi puutarhat\u00f6ihin, kyl\u00e4n kunnostamiseen ja kehitt\u00e4miseen. T\u00e4m\u00e4 luo kyl\u00e4\u00e4n rikasta ja avarakatseista ilmapiiri\u00e4, jossa kulttuurien kirjo on osa arkea.<\/p>\n\n\n\n<p><strong>Kutsumme sinut tutustumaan!<\/strong><\/p>\n\n\n\n<p>Haluatko kokea Kurjen ekokyl\u00e4n tunnelman itse? Tule mukaan j\u00e4rjest\u00e4m\u00e4\u00e4mme tutustumisp\u00e4iv\u00e4\u00e4n (ajankohdasta voidaan sopia) tai ota yhteytt\u00e4 matalalla kynnyksell\u00e4. P\u00e4\u00e4set tutustumaan sek\u00e4 yhteis\u00f6\u00f6n ett\u00e4 myynniss\u00e4 oleviin taloihin.<\/p>\n\n\n\n<p><strong>Myynniss\u00e4 olevat kodit \u2013 kaksi uniikkia vaihtoehtoa<\/strong><\/p>\n\n\n\n<p>Kurjen ekokyl\u00e4ss\u00e4 on nyt myynniss\u00e4:<\/p>\n\n\n\n<p>\u00a0\u00a0\u00a0\u00a0\u00a0\u00a0\u00a0\u00a0\u00a0\u00a0\u00a0 1.\u00a0\u00a0\u00a0\u00a0\u00a0\u00a0\u00a0\u00a0\u00a0<strong>Isompi talo, 185\/202m2<\/strong>, jossa tilaa on mukavasti isommallekin perheelle <a href=\"https:\/\/www.etuovi.com\/kohde\/p44399?haku=M2200926537\" target=\"_blank\" rel=\"noreferrer noopener\">https:\/\/www.etuovi.com\/kohde\/p44399?haku=M2200926537<\/a> <\/p>\n\n\n\n<p>\u00a0\u00a0\u00a0\u00a0\u00a0\u00a0\u00a0\u00a0\u00a0\u00a0\u00a0 2.\u00a0\u00a0\u00a0\u00a0\u00a0\u00a0\u00a0\u00a0\u00a0<strong>Pienempi talo, 122\/140m2,<\/strong>\u00a0joka sopii oivasti perheelle tai muutamalle aikuiselle<a href=\"https:\/\/www.etuovi.com\/kohde\/w77648?haku=M2200926537\" target=\"_blank\" rel=\"noreferrer noopener\"> https:\/\/www.etuovi.com\/kohde\/w77648?haku=M2200926537<\/a><\/p>\n\n\n\n<p>Talot ovat ekologisesti suunniteltuja ja tarjoavat modernit mukavuudet ja oman pihan puutarhaunelmien toteuttamista varten. Molemmat talot ovat my\u00f6s muokattavissa yhteis\u00f6lliseen asumiseen \u2013 vain mielikuvitus on rajana.<\/p>\n\n\n\n<p>Jos etsit paikkaa, jossa voit el\u00e4\u00e4 kest\u00e4v\u00e4sti ja yhteis\u00f6llisesti, Kurjen ekokyl\u00e4 voi olla juuri se, mit\u00e4 etsit. <strong>Tervetuloa tutustumaan kyl\u00e4\u00e4n ja sen tunnelmaan!<\/strong><\/p>\n\n\n\n<p><\/p>","protected":false},"excerpt":{"rendered":"<p>Kuvittele paikka, jossa luonnon rauha yhdistyy l\u00e4mminhenkiseen yhteis\u00f6llisyyteen ja arki rakentuu ekologisten periaatteiden ja yhdess\u00e4 tekemisen ymp\u00e4rille. T\u00e4m\u00e4 paikka on [&hellip;]<\/p>\n","protected":false},"author":1,"featured_media":0,"parent":0,"menu_order":0,"comment_status":"closed","ping_status":"closed","template":"","meta":{"site-sidebar-layout":"default","site-content-layout":"","ast-site-content-layout":"default","site-content-style":"default","site-sidebar-style":"default","ast-global-header-display":"","ast-banner-title-visibility":"","ast-main-header-display":"","ast-hfb-above-header-display":"","ast-hfb-below-header-display":"","ast-hfb-mobile-header-display":"","site-post-title":"","ast-breadcrumbs-content":"","ast-featured-img":"","footer-sml-layout":"","ast-disable-related-posts":"","theme-transparent-header-meta":"","adv-header-id-meta":"","stick-header-meta":"","header-above-stick-meta":"","header-main-stick-meta":"","header-below-stick-meta":"","astra-migrate-meta-layouts":"default","ast-page-background-enabled":"default","ast-page-background-meta":{"desktop":{"background-color":"var(--ast-global-color-4)","background-image":"","background-repeat":"repeat","background-position":"center center","background-size":"auto","background-attachment":"scroll","background-type":"","background-media":"","overlay-type":"","overlay-color":"","overlay-opacity":"","overlay-gradient":""},"tablet":{"background-color":"","background-image":"","background-repeat":"repeat","background-position":"center center","background-size":"auto","background-attachment":"scroll","background-type":"","background-media":"","overlay-type":"","overlay-color":"","overlay-opacity":"","overlay-gradient":""},"mobile":{"background-color":"","background-image":"","background-repeat":"repeat","background-position":"center center","background-size":"auto","background-attachment":"scroll","background-type":"","background-media":"","overlay-type":"","overlay-color":"","overlay-opacity":"","overlay-gradient":""}},"ast-content-background-meta":{"desktop":{"background-color":"var(--ast-global-color-5)","background-image":"","background-repeat":"repeat","background-position":"center center","background-size":"auto","background-attachment":"scroll","background-type":"","background-media":"","overlay-type":"","overlay-color":"","overlay-opacity":"","overlay-gradient":""},"tablet":{"background-color":"var(--ast-global-color-5)","background-image":"","background-repeat":"repeat","background-position":"center center","background-size":"auto","background-attachment":"scroll","background-type":"","background-media":"","overlay-type":"","overlay-color":"","overlay-opacity":"","overlay-gradient":""},"mobile":{"background-color":"var(--ast-global-color-5)","background-image":"","background-repeat":"repeat","background-position":"center center","background-size":"auto","background-attachment":"scroll","background-type":"","background-media":"","overlay-type":"","overlay-color":"","overlay-opacity":"","overlay-gradient":""}},"footnotes":""},"class_list":["post-1086","page","type-page","status-publish","hentry"],"jetpack_sharing_enabled":true,"_links":{"self":[{"href":"https:\/\/kurkiecovillage.fi\/en\/wp-json\/wp\/v2\/pages\/1086","targetHints":{"allow":["GET"]}}],"collection":[{"href":"https:\/\/kurkiecovillage.fi\/en\/wp-json\/wp\/v2\/pages"}],"about":[{"href":"https:\/\/kurkiecovillage.fi\/en\/wp-json\/wp\/v2\/types\/page"}],"author":[{"embeddable":true,"href":"https:\/\/kurkiecovillage.fi\/en\/wp-json\/wp\/v2\/users\/1"}],"replies":[{"embeddable":true,"href":"https:\/\/kurkiecovillage.fi\/en\/wp-json\/wp\/v2\/comments?post=1086"}],"version-history":[{"count":3,"href":"https:\/\/kurkiecovillage.fi\/en\/wp-json\/wp\/v2\/pages\/1086\/revisions"}],"predecessor-version":[{"id":1938,"href":"https:\/\/kurkiecovillage.fi\/en\/wp-json\/wp\/v2\/pages\/1086\/revisions\/1938"}],"wp:attachment":[{"href":"https:\/\/kurkiecovillage.fi\/en\/wp-json\/wp\/v2\/media?parent=1086"}],"curies":[{"name":"wp","href":"https:\/\/api.w.org\/{rel}","templated":true}]}}