{"id":2043,"date":"2026-02-07T10:01:54","date_gmt":"2026-02-07T12:01:54","guid":{"rendered":"https:\/\/kurkiecovillage.fi\/?page_id=2043"},"modified":"2026-03-06T07:58:14","modified_gmt":"2026-03-06T09:58:14","slug":"rekisteri-ja-tietosuojaseloste","status":"publish","type":"page","link":"https:\/\/kurkiecovillage.fi\/en\/rekisteri-ja-tietosuojaseloste\/","title":{"rendered":"Rekisteri- ja tietosuojaseloste"},"content":{"rendered":"\n<p>T\u00e4m\u00e4 on Kurjen tila Oy henkil\u00f6tietolain (10 ja 24 \u00a7) ja EU:n yleisen tietosuoja-asetuksen (GDPR) mukainen rekisteri- ja tietosuojaseloste. Laadittu 19.5.2018. P\u00e4ivitetty 29.10.2025.<\/p>\n\n\n\n<h3 class=\"wp-block-heading\"><strong>1. Rekisterinpit\u00e4j\u00e4<\/strong><\/h3>\n\n\n\n<p>Kurjen ekokyl\u00e4yhdistys ry, Saunavainio 1, 37470 Vesilahti, kurjenekokylayhdistys@gmail.com<\/p>\n\n\n\n<h3 class=\"wp-block-heading\"><strong>2. Rekisterist\u00e4 vastaavat yhteyshenkil\u00f6t<\/strong><\/h3>\n\n\n\n<p>Tiina Jaatinen (J\u00e4senrekisteri, Markkinointirekisteri, Sidosryhm\u00e4rekisteri, Asiakasrekisteri, Uutiskirjerekisteri)<\/p>\n\n\n\n<p>Jonna Kolkka (Erasmus+- ja ESC-projektien rekisterit, CLIPS Community Incubator-rekisteri)<\/p>\n\n\n\n<p>Elina Nurmi (Mets\u00e4puutarhahankkeen rekisterit)&nbsp;<\/p>\n\n\n\n<p>Tero ja Jalo Kolkka (Ty\u00f6ntekij\u00e4rekisteri)<\/p>\n\n\n\n<h3 class=\"wp-block-heading\"><strong>3. Rekisterin nimi<\/strong><\/h3>\n\n\n\n<p>J\u00e4senrekisteri \/ Ty\u00f6ntekij\u00e4rekisteri \/ Markkinointirekisteri \/ Sidosryhm\u00e4rekisteri \/ Asiakasrekisteri \/ Uutiskirjerekisteri \/ Erasmus+- ja ESC-projektien rekisterit \/ CLIPS Community Incubator -rekisteri \/ Mets\u00e4puutarhahankkeen rekisterit<\/p>\n\n\n\n<h3 class=\"wp-block-heading\"><strong>4. Oikeusperuste ja henkil\u00f6tietojen k\u00e4sittelyn tarkoitus<\/strong><\/h3>\n\n\n\n<p><strong>J\u00e4senrekisteri:<\/strong><\/p>\n\n\n\n<p>EU:n yleisen tietosuoja-asetuksen mukainen oikeusperuste henkil\u00f6tietojen k\u00e4sittelylle on<\/p>\n\n\n\n<p>&#8211; yhdistyslaki<\/p>\n\n\n\n<p><strong>Ty\u00f6ntekij\u00e4rekisteri:<\/strong><\/p>\n\n\n\n<p>EU:n yleisen tietosuoja-asetuksen mukainen oikeusperuste henkil\u00f6tietojen k\u00e4sittelylle on<\/p>\n\n\n\n<p>&#8211; ty\u00f6nantajan lakis\u00e4\u00e4teinen velvote<\/p>\n\n\n\n<p>&#8211; ty\u00f6sopimuksen t\u00e4yt\u00e4nt\u00f6\u00f6npaneminen tai sit\u00e4 edelt\u00e4v\u00e4t toimenpiteet<\/p>\n\n\n\n<p>&#8211; rekisterinpit\u00e4j\u00e4n ja rekister\u00f6idyn v\u00e4liseen ty\u00f6suhteeseen, jonka vuoksi rekisterin sis\u00e4lt\u00e4mien henkil\u00f6tietojen k\u00e4sittely on v\u00e4ltt\u00e4m\u00e4t\u00f6nt\u00e4<\/p>\n\n\n\n<p><strong>Markkinointirekisteri:<\/strong><\/p>\n\n\n\n<p>EU:n yleisen tietosuoja-asetuksen mukainen oikeusperuste henkil\u00f6tietojen k\u00e4sittelylle perustuu<\/p>\n\n\n\n<p>&#8211; rekister\u00f6ityjen rekister\u00f6itymisen yhteydess\u00e4 antamaan nimenomaiseen suostumukseen<\/p>\n\n\n\n<p><strong>Sidosryhm\u00e4rekisteri:<\/strong><\/p>\n\n\n\n<p>EU:n yleisen tietosuoja-asetuksen mukainen oikeusperuste henkil\u00f6tietojen k\u00e4sittelylle perustuu<\/p>\n\n\n\n<p>&#8211; rekister\u00f6ityjen rekister\u00f6itymisen yhteydess\u00e4 antamaan nimenomaiseen suostumukseen<\/p>\n\n\n\n<p><strong>Asiakasrekisteri:<\/strong><\/p>\n\n\n\n<p>EU:n yleisen tietosuoja-asetuksen mukainen oikeusperuste henkil\u00f6tietojen k\u00e4sittelylle perustuu<\/p>\n\n\n\n<p>&#8211; rekister\u00f6ityjen rekister\u00f6itymisen yhteydess\u00e4 antamaan nimenomaiseen suostumukseen; sek\u00e4<\/p>\n\n\n\n<p>&#8211; rekisterinpit\u00e4j\u00e4n ja rekister\u00f6idyn v\u00e4liseen asiakassuhteeseen, jonka vuoksi rekisterin sis\u00e4lt\u00e4mien henkil\u00f6tietojen k\u00e4sittely on v\u00e4ltt\u00e4m\u00e4t\u00f6nt\u00e4<\/p>\n\n\n\n<p><strong>Uutiskirjerekisteri:<\/strong><\/p>\n\n\n\n<p>EU:n yleisen tietosuoja-asetuksen mukainen oikeusperuste henkil\u00f6tietojen k\u00e4sittelylle perustuu<\/p>\n\n\n\n<p>&#8211; rekister\u00f6ityjen rekister\u00f6itymisen yhteydess\u00e4 antamaan nimenomaiseen suostumukseen<\/p>\n\n\n\n<p><strong>ESC- ja Erasmus+-projektien rekisteri vapaaehtoisty\u00f6ntekij\u00f6ist\u00e4 sek\u00e4 yhteisty\u00f6organisaatioista ja heid\u00e4n toimihenkil\u00f6ist\u00e4\u00e4n:<\/strong><\/p>\n\n\n\n<p>EU:n yleisen tietosuoja-asetuksen mukainen oikeusperuste henkil\u00f6tietojen k\u00e4sittelylle perustuu<\/p>\n\n\n\n<p>&#8211; rekister\u00f6ityjen rekister\u00f6itymisen yhteydess\u00e4 antamaan nimenomaiseen suostumukseen; sek\u00e4<\/p>\n\n\n\n<p>&#8211; rekisterinpit\u00e4j\u00e4n ja rekister\u00f6idyn v\u00e4liseen sopimussuhteeseen, jonka vuoksi rekisterin sis\u00e4lt\u00e4mien henkil\u00f6tietojen k\u00e4sittely on v\u00e4ltt\u00e4m\u00e4t\u00f6nt\u00e4<\/p>\n\n\n\n<p>&#8211; Erasmus+-projektien rekisteri vapaaehtoisty\u00f6n tekij\u00f6ist\u00e4 sek\u00e4 yhteisty\u00f6organisaatioista ja heid\u00e4n toimihenkil\u00f6ist\u00e4\u00e4n m\u00e4\u00e4ritell\u00e4\u00e4n sopimusteksteiss\u00e4 seuraavasti:<\/p>\n\n\n\n<p>Article 3: Data Protection<\/p>\n\n\n\n<p>All personal data contained in the agreement shall be processed in accordance with Regulation (EC) No 45\/2001 of the European Parliament and of the Council on the protection of individuals with regard to the processing of personal data by the EU institutions and bodies and on the free movement of such data. Such data shall be processed solely in connection with the implementation and follow-up of the agreement by the partner organisations, the National Agency and the European Commission, without prejudice to the possibility of passing the data to the bodies responsible for inspection and audit in accordance with EU legislation (Court of Auditors or European Antifraud Office (OLAF)).<\/p>\n\n\n\n<p>The participant may, on written request, gain access to his personal data and correct any information that is inaccurate or incomplete. He\/she should address any questions regarding the processing of his\/her personal data to the sending institution and\/or the National Agency. The participant may lodge a complaint against the processing of his personal data with the [national supervising body for data protection] with regard to the use of these data by the sending institution, the National Agency, or to the European Data Protection Supervisor with regard to the use of the data by the European Commission.<\/p>\n\n\n\n<p><strong>ESC- ja Erasmus+-projektien rekisteri kiinnostuneista vapaaehtoisista ja yhteisty\u00f6kumppaneista:<\/strong><\/p>\n\n\n\n<p>EU:n yleisen tietosuoja-asetuksen mukainen oikeusperuste henkil\u00f6tietojen k\u00e4sittelylle perustuu<\/p>\n\n\n\n<p>&#8211; rekister\u00f6ityjen antamaan suostumukseen<\/p>\n\n\n\n<p><strong>CLIPS Community Incubator -rekisteri:<\/strong><\/p>\n\n\n\n<p>EU:n yleisen tietosuoja-asetuksen mukainen oikeusperuste henkil\u00f6tietojen k\u00e4sittelylle perustuu<\/p>\n\n\n\n<p>&#8211; rekister\u00f6ityjen antamaan suostumukseen<\/p>\n\n\n\n<p><strong>Mets\u00e4puutarhahankkeen tiedotusrekisteri:<\/strong><\/p>\n\n\n\n<p>EU:n yleisen tietosuoja-asetuksen mukainen oikeusperuste henkil\u00f6tietojen k\u00e4sittelylle perustuu<\/p>\n\n\n\n<p>&#8211; rekister\u00f6ityjen antamaan suostumukseen<\/p>\n\n\n\n<p><strong>Mets\u00e4puutarhahankkeen kumppanirekisteri:<\/strong><\/p>\n\n\n\n<p>EU:n yleisen tietosuoja-asetuksen mukainen oikeusperuste henkil\u00f6tietojen k\u00e4sittelylle perustuu<\/p>\n\n\n\n<p>&#8211; rekisterinpit\u00e4j\u00e4n ja rekister\u00f6idyn v\u00e4liseen sopimussuhteeseen, jonka vuoksi rekisterin sis\u00e4lt\u00e4mien henkil\u00f6tietojen k\u00e4sittely on v\u00e4ltt\u00e4m\u00e4t\u00f6nt\u00e4<\/p>\n\n\n\n<h3 class=\"wp-block-heading\"><strong>5. Rekisterin tietosis\u00e4lt\u00f6<\/strong><\/h3>\n\n\n\n<p><strong>J\u00e4senrekisteri:<\/strong><\/p>\n\n\n\n<p>Rekisteriin tallennettavia tietoja: j\u00e4senen nimi, osoite, puhelinnumero, s\u00e4hk\u00f6postiosoite, www-sivustojen osoitteet, profiilit sosiaalisen median palveluissa<\/p>\n\n\n\n<p><strong>Ty\u00f6ntekij\u00e4rekisteri:<\/strong><\/p>\n\n\n\n<p>Rekisteriin tallennettavia tietoja: ty\u00f6ntekij\u00e4n nimi- ja yhteystiedot, organisaation tiedot, ty\u00f6suhteen tiedot, palkanmaksua koskevat tiedot, viranomaislupatiedot, ty\u00f6ajanseurannassa ja ty\u00f6vuorosuunnittelussa tarvittavat tiedot, tiedot lakis\u00e4\u00e4teisiin vapaisiin ja<\/p>\n\n\n\n<p>poissaoloihin liittyen, ty\u00f6kykyyn liittyv\u00e4t tiedot, osaamis- koulutus-, kokemus- ja tutkintotiedot, ty\u00f6v\u00e4lineit\u00e4 ja k\u00e4ytt\u00f6oikeuksia varten tarvittavat tiedot<\/p>\n\n\n\n<p><strong>Markkinointirekisteri:<\/strong><\/p>\n\n\n\n<p>Rekisteriin tallennettavia tietoja: henkil\u00f6n nimi, asema, yrityksen, yhdistyksen tai muun instituution nimi, yhteystiedot (puhelinnumero, s\u00e4hk\u00f6postiosoite, osoite), www-sivustojen osoitteet, profiilit sosiaalisen median palveluissa<\/p>\n\n\n\n<p><strong>Sidosryhm\u00e4rekisteri:<\/strong><\/p>\n\n\n\n<p>Rekisteriin tallennettavia tietoja: henkil\u00f6n nimi, asema, yrityksen, yhdistyksen tai muun instituution nimi, yhteystiedot (puhelinnumero, s\u00e4hk\u00f6postiosoite, osoite), www-sivustojen osoitteet, profiilit sosiaalisen median palveluissa<\/p>\n\n\n\n<p><strong>Asiakasrekisteri:<\/strong><\/p>\n\n\n\n<p>Rekisteriin tallennettavia tietoja: henkil\u00f6n nimi, asema, yrityksen, yhdistyksen tai muun instituution nimi, yhteystiedot (puhelinnumero, s\u00e4hk\u00f6postiosoite, osoite), www-sivustojen osoitteet, profiilit sosiaalisen median palveluissa, tiedot tilatuista palveluista ja tuotteista ja niiden muutoksista, laskutustiedot, muut asiakassuhteeseen ja tilattuihin palveluihin liittyv\u00e4t tiedot<\/p>\n\n\n\n<p><strong>Uutiskirjerekisteri:<\/strong><\/p>\n\n\n\n<p>Rekisteriin tallennettavia tietoja: henkil\u00f6n nimi, asema, yrityksen, yhdistyksen tai muun instituution nimi, yhteystiedot (puhelinnumero, s\u00e4hk\u00f6postiosoite, osoite), www-sivustojen osoitteet, profiilit sosiaalisen median palveluissa<\/p>\n\n\n\n<p><strong>ESC- ja Erasmus+-projektien rekisteri vapaaehtoisty\u00f6ntekij\u00f6ist\u00e4:<\/strong><\/p>\n\n\n\n<p>Rekisteriin tallennettavia tietoja: henkil\u00f6n nimi, tukiorganisaation nimi, yhteystiedot (puhelinnumero, s\u00e4hk\u00f6postiosoite, osoite), syntym\u00e4aika, pankkitilin tiedot www-sivustojen osoitteet, profiilit sosiaalisen median palveluissa, muut sopimussuhteeseen liittyv\u00e4t tiedot<\/p>\n\n\n\n<p><strong>ESC- ja Erasmus+-projektien rekisteri yhteisty\u00f6organisaatioista:<\/strong><\/p>\n\n\n\n<p>Rekisteriin tallennettavia tietoja: henkil\u00f6n nimi, asema, organisaation nimi, yhteystiedot (puhelinnumero, s\u00e4hk\u00f6postiosoite, osoite), www-sivustojen osoitteet, profiilit sosiaalisen median palveluissa, tiedot l\u00e4hetetyist\u00e4 vapaaehtoisista, pankkitilin tiedot, muut sopimussuhteeseen liittyv\u00e4t tiedot<\/p>\n\n\n\n<p><strong>ESC- ja Erasmus+-projektien rekisteri kiinnostuneista vapaaehtoisista ja yhteisty\u00f6kumppaneista:<\/strong><\/p>\n\n\n\n<p>Rekisteriin tallennettavia tietoja: henkil\u00f6n nimi, asema, organisaation nimi, yhteystiedot (puhelinnumero, s\u00e4hk\u00f6postiosoite, osoite), www-sivustojen osoitteet, profiilit sosiaalisen median palveluissa, vapaaehtoisiksi hakevien CV ja motivaatiokirje, kiinnostuneiden yhteisty\u00f6tahojen l\u00e4hett\u00e4m\u00e4t tiedot<\/p>\n\n\n\n<p><strong>CLIPS Community Incubator -rekisteri:<\/strong><\/p>\n\n\n\n<p>Rekisteriin tallennettavia tietoja: henkil\u00f6n nimi, asema, yrityksen, yhdistyksen tai muun instituution nimi, yhteystiedot (puhelinnumero, s\u00e4hk\u00f6postiosoite, osoite), www-sivustojen osoitteet, profiilit sosiaalisen median palveluissa<\/p>\n\n\n\n<p><strong>Mets\u00e4puutarhahankkeen tiedotusrekisteri:<\/strong><\/p>\n\n\n\n<p>Rekisteriin tallennettavia tietoja: henkil\u00f6n nimi, asema, yrityksen, yhdistyksen tai muun instituution nimi, yhteystiedot (puhelinnumero, s\u00e4hk\u00f6postiosoite, osoite), www-sivustojen osoitteet, profiilit sosiaalisen median palveluissa<\/p>\n\n\n\n<p><strong>Mets\u00e4puutarhahankkeen kumppanirekisteri:<\/strong><\/p>\n\n\n\n<p>Rekisteriin tallennettavia tietoja: henkil\u00f6n nimi, asema, organisaation nimi, yhteystiedot (puhelinnumero, s\u00e4hk\u00f6postiosoite, osoite), www-sivustojen osoitteet, profiilit sosiaalisen median palveluissa, pankkitilin tiedot, muut sopimussuhteeseen liittyv\u00e4t tiedot<\/p>\n\n\n\n<h3 class=\"wp-block-heading\"><strong>6. S\u00e4\u00e4nn\u00f6nmukaiset tietol\u00e4hteet<\/strong><\/h3>\n\n\n\n<p><strong>J\u00e4senrekisteri:<\/strong><\/p>\n\n\n\n<p>Rekisteriin tallennettavat tiedot saadaan j\u00e4seneksi liittymisen yhteydess\u00e4.<\/p>\n\n\n\n<p><strong>Ty\u00f6ntekij\u00e4rekisteri:<\/strong><\/p>\n\n\n\n<p>Rekisterin tiedot on p\u00e4\u00e4s\u00e4\u00e4nt\u00f6isesti saatu ty\u00f6ntekij\u00e4lt\u00e4 itselt\u00e4\u00e4n tai ne ovat ker\u00e4\u00e4ntyneet ty\u00f6suhteen kest\u00e4ess\u00e4 rekisterinpit\u00e4j\u00e4n (ty\u00f6nantajan) j\u00e4rjestelmiin tai manuaalisiin aineistoihin, tai niist\u00e4 on sovittu (kuten palkka ja muut etuudet).<\/p>\n\n\n\n<p><strong>Markkinointirekisteri:<\/strong><\/p>\n\n\n\n<p>Rekisteriin tallennettavat tiedot saadaan www-lomakkeilla l\u00e4hetetyist\u00e4 viesteist\u00e4, s\u00e4hk\u00f6postitse, puhelimitse, sosiaalisen median palvelujen kautta, sopimuksista, asiakastapaamisista ja muista tilanteista, joissa asiakas luovuttaa tietojaan.<\/p>\n\n\n\n<p><strong>Sidosryhm\u00e4rekisteri:<\/strong><\/p>\n\n\n\n<p>Rekisteriin tallennettavat tiedot saadaan www-lomakkeilla l\u00e4hetetyist\u00e4 viesteist\u00e4, s\u00e4hk\u00f6postitse, puhelimitse, sosiaalisen median palvelujen kautta, sopimuksista, asiakastapaamisista ja muista tilanteista, joissa asiakas luovuttaa tietojaan.<\/p>\n\n\n\n<p><strong>Asiakasrekisteri:<\/strong><\/p>\n\n\n\n<p>Rekisteriin tallennettavat tiedot saadaan asiakkaalta www-lomakkeilla l\u00e4hetetyist\u00e4 viesteist\u00e4, s\u00e4hk\u00f6postitse, puhelimitse, sosiaalisen median palvelujen kautta, sopimuksista, asiakastapaamisista ja muista tilanteista, joissa asiakas luovuttaa tietojaan.<\/p>\n\n\n\n<p><strong>Uutiskirjerekisteri:<\/strong><\/p>\n\n\n\n<p>Rekisteriin tallennettavat tiedot saadaan www-lomakkeilla l\u00e4hetetyist\u00e4 viesteist\u00e4, s\u00e4hk\u00f6postitse, puhelimitse, sosiaalisen median palvelujen kautta, sopimuksista, asiakastapaamisista ja muista tilanteista, joissa asiakas luovuttaa tietojaan.<\/p>\n\n\n\n<p><strong>ESC- ja Erasmus+-projektien rekisteri vapaaehtoisty\u00f6ntekij\u00f6ist\u00e4:<\/strong><\/p>\n\n\n\n<p>Rekisteriin tallennettavat tiedot saadaan vapaaehtoisilta s\u00e4hk\u00f6postitse, European Solidarity Corps -tietokannan kautta, henkil\u00f6kohtaisissa keskusteluissa ja muista tilanteissa, joissa vapaaehtoisty\u00f6ntekij\u00e4 luovuttaa tietojaan.<\/p>\n\n\n\n<p><strong>ESC- ja Erasmus+-projektien rekisteri yhteisty\u00f6organisaatioista:<\/strong><\/p>\n\n\n\n<p>Rekisteriin tallennettavat tiedot saadaan yhteisty\u00f6organisaatioilta s\u00e4hk\u00f6postitse ja muista tilanteissa, joissa yhteisty\u00f6organisaatio luovuttaa tietojaan.<\/p>\n\n\n\n<p><strong>ESC- ja Erasmus+-projektien rekisteri kiinnostuneista vapaaehtoisista ja yhteisty\u00f6kumppaneista:<\/strong><\/p>\n\n\n\n<p>Rekisteriin tallennettavat tiedot saadaan www-lomakkeilla l\u00e4hetetyist\u00e4 viesteist\u00e4, s\u00e4hk\u00f6postitse, puhelimitse, sosiaalisen median palvelujen kautta ja muista tilanteista, joissa kiinnostunut vapaaehtoinen tai yhteist\u00f6kumppani luovuttaa tietojaan.<\/p>\n\n\n\n<p><strong>CLIPS Community Incubator -rekisteri:<\/strong><\/p>\n\n\n\n<p>Rekisteriin tallennettavat tiedot saadaan www-lomakkeilla l\u00e4hetetyist\u00e4 viesteist\u00e4, s\u00e4hk\u00f6postitse, puhelimitse, sosiaalisen median palvelujen kautta, sopimuksista, asiakastapaamisista ja muista tilanteista, joissa asiakas luovuttaa tietojaan.<\/p>\n\n\n\n<p><strong>Mets\u00e4puutarhahankkeen tiedotusrekisteri:<\/strong><\/p>\n\n\n\n<p>Rekisteriin tallennettavat tiedot saadaan www-lomakkeilla l\u00e4hetetyist\u00e4 viesteist\u00e4, s\u00e4hk\u00f6postitse, puhelimitse, sosiaalisen median palvelujen kautta, sopimuksista, asiakastapaamisista ja muista tilanteista, joissa asiakas luovuttaa tietojaan.<\/p>\n\n\n\n<p><strong>Mets\u00e4puutarhahankkeen kumppanirekisteri:<\/strong><\/p>\n\n\n\n<p>Rekisteriin tallennettavat tiedot saadaan yhteisty\u00f6organisaatioilta s\u00e4hk\u00f6postitse ja muista tilanteissa, joissa yhteisty\u00f6organisaatio luovuttaa tietojaan.<\/p>\n\n\n\n<h3 class=\"wp-block-heading\"><strong>7. Tietojen s\u00e4\u00e4nn\u00f6nmukaiset luovutukset ja tietojen siirto EU:n tai ETA:n ulkopuolelle<\/strong><\/h3>\n\n\n\n<p>Tietoja ei luovuteta s\u00e4\u00e4nn\u00f6nmukaisesti muille tahoille. CLIPS Community Incubator -rekisteri on SKEY ry:n kanssa yhteinen. Tietoja voidaan julkaista silt\u00e4 osin kuin niin on sovittu asiakkaan kanssa.<\/p>\n\n\n\n<p>Tietoja voidaan siirt\u00e4\u00e4 rekisterinpit\u00e4j\u00e4n toimesta my\u00f6s EU:n tai ETA:n ulkopuolelle.<\/p>\n\n\n\n<h3 class=\"wp-block-heading\"><strong>8. Rekisterin suojauksen periaatteet<\/strong><\/h3>\n\n\n\n<p>Rekisterin k\u00e4sittelyss\u00e4 noudatetaan huolellisuutta ja tietoj\u00e4rjestelmien avulla k\u00e4sitelt\u00e4v\u00e4t tiedot suojataan asianmukaisesti. Kun rekisteritietoja s\u00e4ilytet\u00e4\u00e4n Internet-palvelimilla, niiden laitteiston fyysisest\u00e4 ja digitaalisesta tietoturvasta huolehditaan asiaankuuluvasti. Rekisterinpit\u00e4j\u00e4 huolehtii siit\u00e4, ett\u00e4 tallennettuja tietoja sek\u00e4 palvelimien k\u00e4ytt\u00f6oikeuksia ja muita henkil\u00f6tietojen turvallisuuden kannalta kriittisi\u00e4 tietoja k\u00e4sitell\u00e4\u00e4n luottamuksellisesti ja vain niiden toimihenkil\u00f6iden toimesta, joiden ty\u00f6nkuvaan se kuuluu.<\/p>\n\n\n\n<h3 class=\"wp-block-heading\"><strong>9. Tarkastusoikeus ja oikeus vaatia tiedon korjaamista<\/strong><\/h3>\n\n\n\n<p>Jokaisella rekisteriss\u00e4 olevalla henkil\u00f6ll\u00e4 on oikeus tarkistaa rekisteriin tallennetut tietonsa ja vaatia mahdollisen virheellisen tiedon korjaamista tai puutteellisen tiedon t\u00e4ydent\u00e4mist\u00e4. Mik\u00e4li henkil\u00f6 haluaa tarkistaa h\u00e4nest\u00e4 tallennetut tiedot tai vaatia niihin oikaisua, pyynt\u00f6 tulee l\u00e4hett\u00e4\u00e4 kirjallisesti&nbsp; rekisterinpit\u00e4j\u00e4lle. Rekisterinpit\u00e4j\u00e4 voi pyyt\u00e4\u00e4 tarvittaessa pyynn\u00f6n esitt\u00e4j\u00e4\u00e4 todistamaan henkil\u00f6llisyytens\u00e4. Rekisterinpit\u00e4j\u00e4 vastaa asiakkaalle EU:n tietosuoja-asetuksessa s\u00e4\u00e4detyss\u00e4 ajassa (p\u00e4\u00e4s\u00e4\u00e4nt\u00f6isesti kuukauden kuluessa).<\/p>\n\n\n\n<p>ESC- ja Erasmus+-projektien osalta:<\/p>\n\n\n\n<p>The participant may, on written request, gain access to his personal data and correct any information that is inaccurate or incomplete. He\/she should address any questions regarding the processing of his\/her personal data to the sending institution and\/or the National Agency. The participant may lodge a complaint against the processing of his personal data with the [national supervising body for data protection] with regard to the use of these data by the sending institution, the National Agency, or to the European Data Protection Supervisor with regard to the use of the data by the European Commission.<\/p>\n\n\n\n<h3 class=\"wp-block-heading\"><strong>10. Muut henkil\u00f6tietojen k\u00e4sittelyyn liittyv\u00e4t oikeudet<\/strong><\/h3>\n\n\n\n<p>Rekisteriss\u00e4 olevalla henkil\u00f6ll\u00e4 on oikeus pyyt\u00e4\u00e4 h\u00e4nt\u00e4 koskevien henkil\u00f6tietojen poistamiseen rekisterist\u00e4 (&#8221;oikeus tulla unohdetuksi&#8221;), jos se muun lains\u00e4\u00e4d\u00e4nn\u00f6n puitteissa on mahdollista. Niin ik\u00e4\u00e4n rekister\u00f6idyill\u00e4 on muut <a href=\"http:\/\/eur-lex.europa.eu\/legal-content\/FI\/TXT\/?uri=CELEX%3A32016R0679#d1e2144-1-1\">EU:n yleisen tietosuoja-asetuksen mukaiset oikeudet<\/a> kuten henkil\u00f6tietojen k\u00e4sittelyn rajoittaminen tietyiss\u00e4 tilanteissa. Pyynn\u00f6t tulee l\u00e4hett\u00e4\u00e4 kirjallisesti rekisterinpit\u00e4j\u00e4lle. Rekisterinpit\u00e4j\u00e4 voi pyyt\u00e4\u00e4 tarvittaessa pyynn\u00f6n esitt\u00e4j\u00e4\u00e4 todistamaan henkil\u00f6llisyytens\u00e4. Rekisterinpit\u00e4j\u00e4 vastaa asiakkaalle EU:n tietosuoja-asetuksessa s\u00e4\u00e4detyss\u00e4 ajassa (p\u00e4\u00e4s\u00e4\u00e4nt\u00f6isesti kuukauden kuluessa).<\/p>\n\n\n\n<p><\/p>\n","protected":false},"excerpt":{"rendered":"<p>T\u00e4m\u00e4 on Kurjen tila Oy henkil\u00f6tietolain (10 ja 24 \u00a7) ja EU:n yleisen tietosuoja-asetuksen (GDPR) mukainen rekisteri- ja tietosuojaseloste. Laadittu [&hellip;]<\/p>\n","protected":false},"author":1,"featured_media":0,"parent":0,"menu_order":0,"comment_status":"closed","ping_status":"closed","template":"","meta":{"site-sidebar-layout":"default","site-content-layout":"","ast-site-content-layout":"default","site-content-style":"default","site-sidebar-style":"default","ast-global-header-display":"","ast-banner-title-visibility":"","ast-main-header-display":"","ast-hfb-above-header-display":"","ast-hfb-below-header-display":"","ast-hfb-mobile-header-display":"","site-post-title":"","ast-breadcrumbs-content":"","ast-featured-img":"","footer-sml-layout":"","ast-disable-related-posts":"","theme-transparent-header-meta":"","adv-header-id-meta":"","stick-header-meta":"","header-above-stick-meta":"","header-main-stick-meta":"","header-below-stick-meta":"","astra-migrate-meta-layouts":"default","ast-page-background-enabled":"default","ast-page-background-meta":{"desktop":{"background-color":"var(--ast-global-color-4)","background-image":"","background-repeat":"repeat","background-position":"center center","background-size":"auto","background-attachment":"scroll","background-type":"","background-media":"","overlay-type":"","overlay-color":"","overlay-opacity":"","overlay-gradient":""},"tablet":{"background-color":"","background-image":"","background-repeat":"repeat","background-position":"center center","background-size":"auto","background-attachment":"scroll","background-type":"","background-media":"","overlay-type":"","overlay-color":"","overlay-opacity":"","overlay-gradient":""},"mobile":{"background-color":"","background-image":"","background-repeat":"repeat","background-position":"center center","background-size":"auto","background-attachment":"scroll","background-type":"","background-media":"","overlay-type":"","overlay-color":"","overlay-opacity":"","overlay-gradient":""}},"ast-content-background-meta":{"desktop":{"background-color":"var(--ast-global-color-5)","background-image":"","background-repeat":"repeat","background-position":"center center","background-size":"auto","background-attachment":"scroll","background-type":"","background-media":"","overlay-type":"","overlay-color":"","overlay-opacity":"","overlay-gradient":""},"tablet":{"background-color":"var(--ast-global-color-5)","background-image":"","background-repeat":"repeat","background-position":"center center","background-size":"auto","background-attachment":"scroll","background-type":"","background-media":"","overlay-type":"","overlay-color":"","overlay-opacity":"","overlay-gradient":""},"mobile":{"background-color":"var(--ast-global-color-5)","background-image":"","background-repeat":"repeat","background-position":"center center","background-size":"auto","background-attachment":"scroll","background-type":"","background-media":"","overlay-type":"","overlay-color":"","overlay-opacity":"","overlay-gradient":""}},"footnotes":""},"class_list":["post-2043","page","type-page","status-publish","hentry"],"jetpack_sharing_enabled":true,"_links":{"self":[{"href":"https:\/\/kurkiecovillage.fi\/en\/wp-json\/wp\/v2\/pages\/2043","targetHints":{"allow":["GET"]}}],"collection":[{"href":"https:\/\/kurkiecovillage.fi\/en\/wp-json\/wp\/v2\/pages"}],"about":[{"href":"https:\/\/kurkiecovillage.fi\/en\/wp-json\/wp\/v2\/types\/page"}],"author":[{"embeddable":true,"href":"https:\/\/kurkiecovillage.fi\/en\/wp-json\/wp\/v2\/users\/1"}],"replies":[{"embeddable":true,"href":"https:\/\/kurkiecovillage.fi\/en\/wp-json\/wp\/v2\/comments?post=2043"}],"version-history":[{"count":1,"href":"https:\/\/kurkiecovillage.fi\/en\/wp-json\/wp\/v2\/pages\/2043\/revisions"}],"predecessor-version":[{"id":2046,"href":"https:\/\/kurkiecovillage.fi\/en\/wp-json\/wp\/v2\/pages\/2043\/revisions\/2046"}],"wp:attachment":[{"href":"https:\/\/kurkiecovillage.fi\/en\/wp-json\/wp\/v2\/media?parent=2043"}],"curies":[{"name":"wp","href":"https:\/\/api.w.org\/{rel}","templated":true}]}}