{"id":2175,"date":"2026-04-28T08:22:31","date_gmt":"2026-04-28T10:22:31","guid":{"rendered":"https:\/\/kurkiecovillage.fi\/?page_id=2175"},"modified":"2026-04-29T07:55:32","modified_gmt":"2026-04-29T09:55:32","slug":"tyopaja-syotavan-metsapuutarhan-perustamisesta-kurjen-ekokylassa-26-4-2026","status":"publish","type":"page","link":"https:\/\/kurkiecovillage.fi\/en\/tyopaja-syotavan-metsapuutarhan-perustamisesta-kurjen-ekokylassa-26-4-2026\/","title":{"rendered":"Ty\u00f6paja sy\u00f6t\u00e4v\u00e4n mets\u00e4puutarhan perustamisesta Kurjen ekokyl\u00e4ss\u00e4 26.4.2026"},"content":{"rendered":"<p>Meill\u00e4 oli kerrassaan upea ty\u00f6pajap\u00e4iv\u00e4, vaikka kylm\u00e4 ja kova tuuli meinasikin koitua kohtaloksemme. 15 osallistujaa saapui Kurjen ekokyl\u00e4\u00e4n eri puolilta Suomea opettelemaan sy\u00f6t\u00e4v\u00e4n mets\u00e4puutarhan perustamiseen liittyvi\u00e4 asioita. Alkuesittelyjen j\u00e4lkeen osallistujat saivat kierrell\u00e4 ja tutustua ekokyl\u00e4\u00e4n, mink\u00e4 j\u00e4lkeen mets\u00e4puutarhuri Joel Rosenberg piti alustusluennon p\u00e4iv\u00e4n teemaan. Sitten saimme nauttia herkullisesta lounaasta, jossa oli mm. paistettuja voikukan juuria ja villiyrttipainoitteinen salaatti. Lounaan j\u00e4lkeen siirryimme ulos havainnoimaan kasvuymp\u00e4rist\u00f6\u00e4 sek\u00e4 tekem\u00e4\u00e4n mets\u00e4puutarha-alalle valmistelutoimia. Kahvitauon j\u00e4lkeen p\u00e4\u00e4simme oppimaan kasvien lis\u00e4\u00e4misest\u00e4 ja saimme istuttaa p\u00e4hkin\u00e4pensaita sek\u00e4 monivuotisia, matalampia kasveja kahteen puukiltaan t\u00e4ss\u00e4 uudessa mets\u00e4puutarhassa. Miten n\u00e4in paljon kerkesikin yhden p\u00e4iv\u00e4n aikana! Valtavan suuri kiitos kaikille osallistujille! T\u00e4st\u00e4 on oikein hyv\u00e4 jatkaa omavaraisuuden kasvattamista ja maaper\u00e4n parantamista. <\/p>\n\n\n\n<p><strong>Kiltoihin istutetut kasvilajit:<\/strong><\/p>\n\n\n\n<ul class=\"wp-block-list\">\n<li>Euroopanp\u00e4hkin\u00e4pensas (<em>Corylus avellana<\/em> \u2019Moskovski Rubin\u2019 ja \u2019Lange Zeller\u2019)<\/li>\n\n\n\n<li>Juurisikuri (<em>Cichorium intybus<\/em>)<\/li>\n\n\n\n<li>Hyv\u00e4nheikinsavikka (<em>Blitum bonus-henricus<\/em>)<\/li>\n\n\n\n<li>Tarhasuolahein\u00e4 (<em>Rumex rugosus<\/em>)<\/li>\n\n\n\n<li>Myskimalva (<em>Malva moschata<\/em>)<\/li>\n\n\n\n<li>Marokonminttu (<em>Mentha x villosa <\/em>\u2019Moroccan\u2019)<\/li>\n\n\n\n<li>Ahomansikka (<em>Fragaria vesca<\/em>)<\/li>\n\n\n\n<li>Tuoksumatara (<em>Galium odoratum<\/em>)<\/li>\n\n\n\n<li>Maahumala (<em>Glechoma hederacea<\/em>)<\/li>\n\n\n\n<li>Saksankirveli (<em>Myrrhis odorata<\/em>)<\/li>\n\n\n\n<li>R\u00f6nsyakankaali (<em>Ajuga reptans<\/em>)<\/li>\n<\/ul>\n\n\n\n<figure class=\"wp-block-gallery has-nested-images columns-default is-cropped wp-block-gallery-1 is-layout-flex wp-block-gallery-is-layout-flex\">\n<figure class=\"wp-block-image size-large\"><img loading=\"lazy\" decoding=\"async\" width=\"1024\" height=\"771\" data-id=\"2181\" src=\"https:\/\/kurkiecovillage.fi\/wp-content\/uploads\/2026\/04\/IMG_20260426_124312_HDR-1024x771.jpg\" alt=\"\" class=\"wp-image-2181\" srcset=\"https:\/\/kurkiecovillage.fi\/wp-content\/uploads\/2026\/04\/IMG_20260426_124312_HDR-1024x771.jpg 1024w, https:\/\/kurkiecovillage.fi\/wp-content\/uploads\/2026\/04\/IMG_20260426_124312_HDR-300x226.jpg 300w, https:\/\/kurkiecovillage.fi\/wp-content\/uploads\/2026\/04\/IMG_20260426_124312_HDR-768x578.jpg 768w, https:\/\/kurkiecovillage.fi\/wp-content\/uploads\/2026\/04\/IMG_20260426_124312_HDR-1536x1157.jpg 1536w, https:\/\/kurkiecovillage.fi\/wp-content\/uploads\/2026\/04\/IMG_20260426_124312_HDR-2048x1542.jpg 2048w, https:\/\/kurkiecovillage.fi\/wp-content\/uploads\/2026\/04\/IMG_20260426_124312_HDR-16x12.jpg 16w\" sizes=\"auto, (max-width: 1024px) 100vw, 1024px\" \/><\/figure>\n\n\n\n<figure class=\"wp-block-image size-large\"><img loading=\"lazy\" decoding=\"async\" width=\"771\" height=\"1024\" data-id=\"2186\" src=\"https:\/\/kurkiecovillage.fi\/wp-content\/uploads\/2026\/04\/IMG_20260426_154524_HDR-771x1024.jpg\" alt=\"\" class=\"wp-image-2186\" srcset=\"https:\/\/kurkiecovillage.fi\/wp-content\/uploads\/2026\/04\/IMG_20260426_154524_HDR-771x1024.jpg 771w, https:\/\/kurkiecovillage.fi\/wp-content\/uploads\/2026\/04\/IMG_20260426_154524_HDR-226x300.jpg 226w, https:\/\/kurkiecovillage.fi\/wp-content\/uploads\/2026\/04\/IMG_20260426_154524_HDR-768x1020.jpg 768w, https:\/\/kurkiecovillage.fi\/wp-content\/uploads\/2026\/04\/IMG_20260426_154524_HDR-1157x1536.jpg 1157w, https:\/\/kurkiecovillage.fi\/wp-content\/uploads\/2026\/04\/IMG_20260426_154524_HDR-1542x2048.jpg 1542w, https:\/\/kurkiecovillage.fi\/wp-content\/uploads\/2026\/04\/IMG_20260426_154524_HDR-9x12.jpg 9w, https:\/\/kurkiecovillage.fi\/wp-content\/uploads\/2026\/04\/IMG_20260426_154524_HDR-scaled.jpg 1928w\" sizes=\"auto, (max-width: 771px) 100vw, 771px\" \/><\/figure>\n\n\n\n<figure class=\"wp-block-image size-large\"><img loading=\"lazy\" decoding=\"async\" width=\"771\" height=\"1024\" data-id=\"2185\" src=\"https:\/\/kurkiecovillage.fi\/wp-content\/uploads\/2026\/04\/IMG_20260426_154249_HDR-771x1024.jpg\" alt=\"\" class=\"wp-image-2185\" srcset=\"https:\/\/kurkiecovillage.fi\/wp-content\/uploads\/2026\/04\/IMG_20260426_154249_HDR-771x1024.jpg 771w, https:\/\/kurkiecovillage.fi\/wp-content\/uploads\/2026\/04\/IMG_20260426_154249_HDR-226x300.jpg 226w, https:\/\/kurkiecovillage.fi\/wp-content\/uploads\/2026\/04\/IMG_20260426_154249_HDR-768x1020.jpg 768w, https:\/\/kurkiecovillage.fi\/wp-content\/uploads\/2026\/04\/IMG_20260426_154249_HDR-1157x1536.jpg 1157w, https:\/\/kurkiecovillage.fi\/wp-content\/uploads\/2026\/04\/IMG_20260426_154249_HDR-1542x2048.jpg 1542w, https:\/\/kurkiecovillage.fi\/wp-content\/uploads\/2026\/04\/IMG_20260426_154249_HDR-9x12.jpg 9w, https:\/\/kurkiecovillage.fi\/wp-content\/uploads\/2026\/04\/IMG_20260426_154249_HDR-scaled.jpg 1928w\" sizes=\"auto, (max-width: 771px) 100vw, 771px\" \/><\/figure>\n\n\n\n<figure class=\"wp-block-image size-large\"><img loading=\"lazy\" decoding=\"async\" width=\"771\" height=\"1024\" data-id=\"2183\" src=\"https:\/\/kurkiecovillage.fi\/wp-content\/uploads\/2026\/04\/IMG_20260426_145528_HDR-771x1024.jpg\" alt=\"\" class=\"wp-image-2183\" srcset=\"https:\/\/kurkiecovillage.fi\/wp-content\/uploads\/2026\/04\/IMG_20260426_145528_HDR-771x1024.jpg 771w, https:\/\/kurkiecovillage.fi\/wp-content\/uploads\/2026\/04\/IMG_20260426_145528_HDR-226x300.jpg 226w, https:\/\/kurkiecovillage.fi\/wp-content\/uploads\/2026\/04\/IMG_20260426_145528_HDR-768x1020.jpg 768w, https:\/\/kurkiecovillage.fi\/wp-content\/uploads\/2026\/04\/IMG_20260426_145528_HDR-1157x1536.jpg 1157w, https:\/\/kurkiecovillage.fi\/wp-content\/uploads\/2026\/04\/IMG_20260426_145528_HDR-1542x2048.jpg 1542w, https:\/\/kurkiecovillage.fi\/wp-content\/uploads\/2026\/04\/IMG_20260426_145528_HDR-9x12.jpg 9w, https:\/\/kurkiecovillage.fi\/wp-content\/uploads\/2026\/04\/IMG_20260426_145528_HDR-scaled.jpg 1928w\" sizes=\"auto, (max-width: 771px) 100vw, 771px\" \/><\/figure>\n\n\n\n<figure class=\"wp-block-image size-large\"><img loading=\"lazy\" decoding=\"async\" width=\"771\" height=\"1024\" data-id=\"2184\" src=\"https:\/\/kurkiecovillage.fi\/wp-content\/uploads\/2026\/04\/IMG_20260426_145547_HDR-771x1024.jpg\" alt=\"\" class=\"wp-image-2184\" srcset=\"https:\/\/kurkiecovillage.fi\/wp-content\/uploads\/2026\/04\/IMG_20260426_145547_HDR-771x1024.jpg 771w, https:\/\/kurkiecovillage.fi\/wp-content\/uploads\/2026\/04\/IMG_20260426_145547_HDR-226x300.jpg 226w, https:\/\/kurkiecovillage.fi\/wp-content\/uploads\/2026\/04\/IMG_20260426_145547_HDR-768x1020.jpg 768w, https:\/\/kurkiecovillage.fi\/wp-content\/uploads\/2026\/04\/IMG_20260426_145547_HDR-1157x1536.jpg 1157w, https:\/\/kurkiecovillage.fi\/wp-content\/uploads\/2026\/04\/IMG_20260426_145547_HDR-1542x2048.jpg 1542w, https:\/\/kurkiecovillage.fi\/wp-content\/uploads\/2026\/04\/IMG_20260426_145547_HDR-9x12.jpg 9w, https:\/\/kurkiecovillage.fi\/wp-content\/uploads\/2026\/04\/IMG_20260426_145547_HDR-scaled.jpg 1928w\" sizes=\"auto, (max-width: 771px) 100vw, 771px\" \/><\/figure>\n\n\n\n<figure class=\"wp-block-image size-large\"><img loading=\"lazy\" decoding=\"async\" width=\"771\" height=\"1024\" data-id=\"2190\" src=\"https:\/\/kurkiecovillage.fi\/wp-content\/uploads\/2026\/04\/IMG_20260426_162452_HDR-771x1024.jpg\" alt=\"\" class=\"wp-image-2190\" srcset=\"https:\/\/kurkiecovillage.fi\/wp-content\/uploads\/2026\/04\/IMG_20260426_162452_HDR-771x1024.jpg 771w, https:\/\/kurkiecovillage.fi\/wp-content\/uploads\/2026\/04\/IMG_20260426_162452_HDR-226x300.jpg 226w, https:\/\/kurkiecovillage.fi\/wp-content\/uploads\/2026\/04\/IMG_20260426_162452_HDR-768x1020.jpg 768w, https:\/\/kurkiecovillage.fi\/wp-content\/uploads\/2026\/04\/IMG_20260426_162452_HDR-1157x1536.jpg 1157w, https:\/\/kurkiecovillage.fi\/wp-content\/uploads\/2026\/04\/IMG_20260426_162452_HDR-1542x2048.jpg 1542w, https:\/\/kurkiecovillage.fi\/wp-content\/uploads\/2026\/04\/IMG_20260426_162452_HDR-9x12.jpg 9w, https:\/\/kurkiecovillage.fi\/wp-content\/uploads\/2026\/04\/IMG_20260426_162452_HDR-scaled.jpg 1928w\" sizes=\"auto, (max-width: 771px) 100vw, 771px\" \/><\/figure>\n\n\n\n<figure class=\"wp-block-image size-large\"><img loading=\"lazy\" decoding=\"async\" width=\"771\" height=\"1024\" data-id=\"2189\" src=\"https:\/\/kurkiecovillage.fi\/wp-content\/uploads\/2026\/04\/IMG_20260426_162335_HDR-771x1024.jpg\" alt=\"\" class=\"wp-image-2189\" srcset=\"https:\/\/kurkiecovillage.fi\/wp-content\/uploads\/2026\/04\/IMG_20260426_162335_HDR-771x1024.jpg 771w, https:\/\/kurkiecovillage.fi\/wp-content\/uploads\/2026\/04\/IMG_20260426_162335_HDR-226x300.jpg 226w, https:\/\/kurkiecovillage.fi\/wp-content\/uploads\/2026\/04\/IMG_20260426_162335_HDR-768x1020.jpg 768w, https:\/\/kurkiecovillage.fi\/wp-content\/uploads\/2026\/04\/IMG_20260426_162335_HDR-1157x1536.jpg 1157w, https:\/\/kurkiecovillage.fi\/wp-content\/uploads\/2026\/04\/IMG_20260426_162335_HDR-1542x2048.jpg 1542w, https:\/\/kurkiecovillage.fi\/wp-content\/uploads\/2026\/04\/IMG_20260426_162335_HDR-9x12.jpg 9w, https:\/\/kurkiecovillage.fi\/wp-content\/uploads\/2026\/04\/IMG_20260426_162335_HDR-scaled.jpg 1928w\" sizes=\"auto, (max-width: 771px) 100vw, 771px\" \/><\/figure>\n\n\n\n<figure class=\"wp-block-image size-large\"><img loading=\"lazy\" decoding=\"async\" width=\"771\" height=\"1024\" data-id=\"2188\" src=\"https:\/\/kurkiecovillage.fi\/wp-content\/uploads\/2026\/04\/IMG_20260426_162155_HDR-771x1024.jpg\" alt=\"\" class=\"wp-image-2188\" srcset=\"https:\/\/kurkiecovillage.fi\/wp-content\/uploads\/2026\/04\/IMG_20260426_162155_HDR-771x1024.jpg 771w, https:\/\/kurkiecovillage.fi\/wp-content\/uploads\/2026\/04\/IMG_20260426_162155_HDR-226x300.jpg 226w, https:\/\/kurkiecovillage.fi\/wp-content\/uploads\/2026\/04\/IMG_20260426_162155_HDR-768x1020.jpg 768w, https:\/\/kurkiecovillage.fi\/wp-content\/uploads\/2026\/04\/IMG_20260426_162155_HDR-1157x1536.jpg 1157w, https:\/\/kurkiecovillage.fi\/wp-content\/uploads\/2026\/04\/IMG_20260426_162155_HDR-1542x2048.jpg 1542w, https:\/\/kurkiecovillage.fi\/wp-content\/uploads\/2026\/04\/IMG_20260426_162155_HDR-9x12.jpg 9w, https:\/\/kurkiecovillage.fi\/wp-content\/uploads\/2026\/04\/IMG_20260426_162155_HDR-scaled.jpg 1928w\" sizes=\"auto, (max-width: 771px) 100vw, 771px\" \/><\/figure>\n\n\n\n<figure class=\"wp-block-image size-large\"><img loading=\"lazy\" decoding=\"async\" width=\"771\" height=\"1024\" data-id=\"2187\" src=\"https:\/\/kurkiecovillage.fi\/wp-content\/uploads\/2026\/04\/IMG_20260426_162152_HDR-771x1024.jpg\" alt=\"\" class=\"wp-image-2187\" srcset=\"https:\/\/kurkiecovillage.fi\/wp-content\/uploads\/2026\/04\/IMG_20260426_162152_HDR-771x1024.jpg 771w, https:\/\/kurkiecovillage.fi\/wp-content\/uploads\/2026\/04\/IMG_20260426_162152_HDR-226x300.jpg 226w, https:\/\/kurkiecovillage.fi\/wp-content\/uploads\/2026\/04\/IMG_20260426_162152_HDR-768x1020.jpg 768w, https:\/\/kurkiecovillage.fi\/wp-content\/uploads\/2026\/04\/IMG_20260426_162152_HDR-1157x1536.jpg 1157w, https:\/\/kurkiecovillage.fi\/wp-content\/uploads\/2026\/04\/IMG_20260426_162152_HDR-1542x2048.jpg 1542w, https:\/\/kurkiecovillage.fi\/wp-content\/uploads\/2026\/04\/IMG_20260426_162152_HDR-9x12.jpg 9w, https:\/\/kurkiecovillage.fi\/wp-content\/uploads\/2026\/04\/IMG_20260426_162152_HDR-scaled.jpg 1928w\" sizes=\"auto, (max-width: 771px) 100vw, 771px\" \/><\/figure>\n<\/figure>\n\n\n\n<figure class=\"wp-block-image size-large\"><img loading=\"lazy\" decoding=\"async\" width=\"1024\" height=\"771\" src=\"http:\/\/kurkiecovillage.fi\/wp-content\/uploads\/2026\/04\/IMG_20260426_164659_HDR-1024x771.jpg\" alt=\"\" class=\"wp-image-2191\" srcset=\"https:\/\/kurkiecovillage.fi\/wp-content\/uploads\/2026\/04\/IMG_20260426_164659_HDR-1024x771.jpg 1024w, https:\/\/kurkiecovillage.fi\/wp-content\/uploads\/2026\/04\/IMG_20260426_164659_HDR-300x226.jpg 300w, https:\/\/kurkiecovillage.fi\/wp-content\/uploads\/2026\/04\/IMG_20260426_164659_HDR-768x578.jpg 768w, https:\/\/kurkiecovillage.fi\/wp-content\/uploads\/2026\/04\/IMG_20260426_164659_HDR-1536x1157.jpg 1536w, https:\/\/kurkiecovillage.fi\/wp-content\/uploads\/2026\/04\/IMG_20260426_164659_HDR-2048x1542.jpg 2048w, https:\/\/kurkiecovillage.fi\/wp-content\/uploads\/2026\/04\/IMG_20260426_164659_HDR-16x12.jpg 16w\" sizes=\"auto, (max-width: 1024px) 100vw, 1024px\" \/><\/figure>","protected":false},"excerpt":{"rendered":"<p>Meill\u00e4 oli kerrassaan upea ty\u00f6pajap\u00e4iv\u00e4, vaikka kylm\u00e4 ja kova tuuli meinasikin koitua kohtaloksemme. 15 osallistujaa saapui Kurjen ekokyl\u00e4\u00e4n eri puolilta [&hellip;]<\/p>\n","protected":false},"author":3,"featured_media":0,"parent":0,"menu_order":0,"comment_status":"closed","ping_status":"closed","template":"","meta":{"site-sidebar-layout":"default","site-content-layout":"","ast-site-content-layout":"default","site-content-style":"default","site-sidebar-style":"default","ast-global-header-display":"","ast-banner-title-visibility":"","ast-main-header-display":"","ast-hfb-above-header-display":"","ast-hfb-below-header-display":"","ast-hfb-mobile-header-display":"","site-post-title":"","ast-breadcrumbs-content":"","ast-featured-img":"","footer-sml-layout":"","ast-disable-related-posts":"","theme-transparent-header-meta":"","adv-header-id-meta":"","stick-header-meta":"","header-above-stick-meta":"","header-main-stick-meta":"","header-below-stick-meta":"","astra-migrate-meta-layouts":"default","ast-page-background-enabled":"default","ast-page-background-meta":{"desktop":{"background-color":"var(--ast-global-color-4)","background-image":"","background-repeat":"repeat","background-position":"center center","background-size":"auto","background-attachment":"scroll","background-type":"","background-media":"","overlay-type":"","overlay-color":"","overlay-opacity":"","overlay-gradient":""},"tablet":{"background-color":"","background-image":"","background-repeat":"repeat","background-position":"center center","background-size":"auto","background-attachment":"scroll","background-type":"","background-media":"","overlay-type":"","overlay-color":"","overlay-opacity":"","overlay-gradient":""},"mobile":{"background-color":"","background-image":"","background-repeat":"repeat","background-position":"center center","background-size":"auto","background-attachment":"scroll","background-type":"","background-media":"","overlay-type":"","overlay-color":"","overlay-opacity":"","overlay-gradient":""}},"ast-content-background-meta":{"desktop":{"background-color":"var(--ast-global-color-5)","background-image":"","background-repeat":"repeat","background-position":"center center","background-size":"auto","background-attachment":"scroll","background-type":"","background-media":"","overlay-type":"","overlay-color":"","overlay-opacity":"","overlay-gradient":""},"tablet":{"background-color":"var(--ast-global-color-5)","background-image":"","background-repeat":"repeat","background-position":"center center","background-size":"auto","background-attachment":"scroll","background-type":"","background-media":"","overlay-type":"","overlay-color":"","overlay-opacity":"","overlay-gradient":""},"mobile":{"background-color":"var(--ast-global-color-5)","background-image":"","background-repeat":"repeat","background-position":"center center","background-size":"auto","background-attachment":"scroll","background-type":"","background-media":"","overlay-type":"","overlay-color":"","overlay-opacity":"","overlay-gradient":""}},"footnotes":""},"class_list":["post-2175","page","type-page","status-publish","hentry"],"jetpack_sharing_enabled":true,"_links":{"self":[{"href":"https:\/\/kurkiecovillage.fi\/en\/wp-json\/wp\/v2\/pages\/2175","targetHints":{"allow":["GET"]}}],"collection":[{"href":"https:\/\/kurkiecovillage.fi\/en\/wp-json\/wp\/v2\/pages"}],"about":[{"href":"https:\/\/kurkiecovillage.fi\/en\/wp-json\/wp\/v2\/types\/page"}],"author":[{"embeddable":true,"href":"https:\/\/kurkiecovillage.fi\/en\/wp-json\/wp\/v2\/users\/3"}],"replies":[{"embeddable":true,"href":"https:\/\/kurkiecovillage.fi\/en\/wp-json\/wp\/v2\/comments?post=2175"}],"version-history":[{"count":7,"href":"https:\/\/kurkiecovillage.fi\/en\/wp-json\/wp\/v2\/pages\/2175\/revisions"}],"predecessor-version":[{"id":2229,"href":"https:\/\/kurkiecovillage.fi\/en\/wp-json\/wp\/v2\/pages\/2175\/revisions\/2229"}],"wp:attachment":[{"href":"https:\/\/kurkiecovillage.fi\/en\/wp-json\/wp\/v2\/media?parent=2175"}],"curies":[{"name":"wp","href":"https:\/\/api.w.org\/{rel}","templated":true}]}}