{"id":770,"date":"2024-08-19T14:37:26","date_gmt":"2024-08-19T16:37:26","guid":{"rendered":"http:\/\/kurkiecovillage.fi\/?page_id=770"},"modified":"2026-03-06T07:58:30","modified_gmt":"2026-03-06T09:58:30","slug":"tutustumiskaynnit","status":"publish","type":"page","link":"https:\/\/kurkiecovillage.fi\/en\/tutustumiskaynnit\/","title":{"rendered":"Guided visits"},"content":{"rendered":"<p>Are you interested in visiting the Kurki ecovillage? You can send us a request for your visit and we will tailor a package to suit your needs. Themes can be related to permaculture, forest gardening or community life. We can offer your group a village tour, yoga or other activities. We organise a variety of packages for our visitors, for example:<\/p>\n\n\n\n<p><strong>Presentation of the ecovillage and ecological dinner <\/strong><\/p>\n\n\n\n<p><strong>Organic lunch and nature-friendly lecture <\/strong><\/p>\n\n\n\n<p><strong>Functional workshop with a tea cuppa<\/strong> <\/p>\n\n\n\n<p>Ask for more information Kurjenekokylayhdistys (at) gmail.com or 040 590 6182 (Satu Mattila)<\/p>\n\n\n\n<figure class=\"wp-block-gallery has-nested-images columns-default is-cropped wp-block-gallery-1 is-layout-flex wp-block-gallery-is-layout-flex\">\n<figure class=\"wp-block-image size-large\"><img loading=\"lazy\" decoding=\"async\" width=\"1024\" height=\"768\" data-id=\"1225\" src=\"https:\/\/kurkiecovillage.fi\/wp-content\/uploads\/2025\/03\/IMG-20241001-WA0031-1024x768.jpg\" alt=\"\" class=\"wp-image-1225\" srcset=\"https:\/\/kurkiecovillage.fi\/wp-content\/uploads\/2025\/03\/IMG-20241001-WA0031-1024x768.jpg 1024w, https:\/\/kurkiecovillage.fi\/wp-content\/uploads\/2025\/03\/IMG-20241001-WA0031-300x225.jpg 300w, https:\/\/kurkiecovillage.fi\/wp-content\/uploads\/2025\/03\/IMG-20241001-WA0031-768x576.jpg 768w, https:\/\/kurkiecovillage.fi\/wp-content\/uploads\/2025\/03\/IMG-20241001-WA0031-1536x1152.jpg 1536w, https:\/\/kurkiecovillage.fi\/wp-content\/uploads\/2025\/03\/IMG-20241001-WA0031-16x12.jpg 16w, https:\/\/kurkiecovillage.fi\/wp-content\/uploads\/2025\/03\/IMG-20241001-WA0031.jpg 1600w\" sizes=\"auto, (max-width: 1024px) 100vw, 1024px\" \/><\/figure>\n\n\n\n<figure class=\"wp-block-image size-large\"><img loading=\"lazy\" decoding=\"async\" width=\"1024\" height=\"768\" data-id=\"1246\" src=\"http:\/\/kurkiecovillage.fi\/wp-content\/uploads\/2025\/03\/IMG-20240723-WA0008-1024x768.jpg\" alt=\"\" class=\"wp-image-1246\" srcset=\"https:\/\/kurkiecovillage.fi\/wp-content\/uploads\/2025\/03\/IMG-20240723-WA0008-1024x768.jpg 1024w, https:\/\/kurkiecovillage.fi\/wp-content\/uploads\/2025\/03\/IMG-20240723-WA0008-300x225.jpg 300w, https:\/\/kurkiecovillage.fi\/wp-content\/uploads\/2025\/03\/IMG-20240723-WA0008-768x576.jpg 768w, https:\/\/kurkiecovillage.fi\/wp-content\/uploads\/2025\/03\/IMG-20240723-WA0008-1536x1152.jpg 1536w, https:\/\/kurkiecovillage.fi\/wp-content\/uploads\/2025\/03\/IMG-20240723-WA0008-16x12.jpg 16w, https:\/\/kurkiecovillage.fi\/wp-content\/uploads\/2025\/03\/IMG-20240723-WA0008.jpg 2016w\" sizes=\"auto, (max-width: 1024px) 100vw, 1024px\" \/><\/figure>\n\n\n\n<figure class=\"wp-block-image size-large\"><img loading=\"lazy\" decoding=\"async\" width=\"1024\" height=\"768\" data-id=\"1230\" src=\"http:\/\/kurkiecovillage.fi\/wp-content\/uploads\/2025\/03\/PXL_20240926_084937658-1024x768.jpg\" alt=\"\" class=\"wp-image-1230\" srcset=\"https:\/\/kurkiecovillage.fi\/wp-content\/uploads\/2025\/03\/PXL_20240926_084937658-1024x768.jpg 1024w, https:\/\/kurkiecovillage.fi\/wp-content\/uploads\/2025\/03\/PXL_20240926_084937658-300x225.jpg 300w, https:\/\/kurkiecovillage.fi\/wp-content\/uploads\/2025\/03\/PXL_20240926_084937658-768x576.jpg 768w, https:\/\/kurkiecovillage.fi\/wp-content\/uploads\/2025\/03\/PXL_20240926_084937658-1536x1152.jpg 1536w, https:\/\/kurkiecovillage.fi\/wp-content\/uploads\/2025\/03\/PXL_20240926_084937658-2048x1536.jpg 2048w, https:\/\/kurkiecovillage.fi\/wp-content\/uploads\/2025\/03\/PXL_20240926_084937658-16x12.jpg 16w\" sizes=\"auto, (max-width: 1024px) 100vw, 1024px\" \/><\/figure>\n<\/figure>\n\n\n\n<p>In the photo, the Marttas of S\u00e4\u00e4ksj\u00e4rvi visit the ecovillage and enjoy the bounty of our harvest.<\/p>","protected":false},"excerpt":{"rendered":"<p>Oletko kiinnostunut vierailusta Kurjen ekokyl\u00e4ss\u00e4? Voit j\u00e4tt\u00e4\u00e4 meille tarjouspyynn\u00f6n, niin r\u00e4\u00e4t\u00e4l\u00f6imme teille toiveidenne mukaisen paketin. Teemat voivat liitty\u00e4 esimerkiksi permakulttuuriin, [&hellip;]<\/p>\n","protected":false},"author":1,"featured_media":0,"parent":0,"menu_order":0,"comment_status":"closed","ping_status":"closed","template":"","meta":{"site-sidebar-layout":"default","site-content-layout":"","ast-site-content-layout":"default","site-content-style":"default","site-sidebar-style":"default","ast-global-header-display":"","ast-banner-title-visibility":"","ast-main-header-display":"","ast-hfb-above-header-display":"","ast-hfb-below-header-display":"","ast-hfb-mobile-header-display":"","site-post-title":"","ast-breadcrumbs-content":"","ast-featured-img":"","footer-sml-layout":"","ast-disable-related-posts":"","theme-transparent-header-meta":"","adv-header-id-meta":"","stick-header-meta":"","header-above-stick-meta":"","header-main-stick-meta":"","header-below-stick-meta":"","astra-migrate-meta-layouts":"default","ast-page-background-enabled":"default","ast-page-background-meta":{"desktop":{"background-color":"var(--ast-global-color-4)","background-image":"","background-repeat":"repeat","background-position":"center center","background-size":"auto","background-attachment":"scroll","background-type":"","background-media":"","overlay-type":"","overlay-color":"","overlay-opacity":"","overlay-gradient":""},"tablet":{"background-color":"","background-image":"","background-repeat":"repeat","background-position":"center center","background-size":"auto","background-attachment":"scroll","background-type":"","background-media":"","overlay-type":"","overlay-color":"","overlay-opacity":"","overlay-gradient":""},"mobile":{"background-color":"","background-image":"","background-repeat":"repeat","background-position":"center center","background-size":"auto","background-attachment":"scroll","background-type":"","background-media":"","overlay-type":"","overlay-color":"","overlay-opacity":"","overlay-gradient":""}},"ast-content-background-meta":{"desktop":{"background-color":"var(--ast-global-color-5)","background-image":"","background-repeat":"repeat","background-position":"center center","background-size":"auto","background-attachment":"scroll","background-type":"","background-media":"","overlay-type":"","overlay-color":"","overlay-opacity":"","overlay-gradient":""},"tablet":{"background-color":"var(--ast-global-color-5)","background-image":"","background-repeat":"repeat","background-position":"center center","background-size":"auto","background-attachment":"scroll","background-type":"","background-media":"","overlay-type":"","overlay-color":"","overlay-opacity":"","overlay-gradient":""},"mobile":{"background-color":"var(--ast-global-color-5)","background-image":"","background-repeat":"repeat","background-position":"center center","background-size":"auto","background-attachment":"scroll","background-type":"","background-media":"","overlay-type":"","overlay-color":"","overlay-opacity":"","overlay-gradient":""}},"footnotes":""},"class_list":["post-770","page","type-page","status-publish","hentry"],"jetpack_sharing_enabled":true,"_links":{"self":[{"href":"https:\/\/kurkiecovillage.fi\/en\/wp-json\/wp\/v2\/pages\/770","targetHints":{"allow":["GET"]}}],"collection":[{"href":"https:\/\/kurkiecovillage.fi\/en\/wp-json\/wp\/v2\/pages"}],"about":[{"href":"https:\/\/kurkiecovillage.fi\/en\/wp-json\/wp\/v2\/types\/page"}],"author":[{"embeddable":true,"href":"https:\/\/kurkiecovillage.fi\/en\/wp-json\/wp\/v2\/users\/1"}],"replies":[{"embeddable":true,"href":"https:\/\/kurkiecovillage.fi\/en\/wp-json\/wp\/v2\/comments?post=770"}],"version-history":[{"count":10,"href":"https:\/\/kurkiecovillage.fi\/en\/wp-json\/wp\/v2\/pages\/770\/revisions"}],"predecessor-version":[{"id":1496,"href":"https:\/\/kurkiecovillage.fi\/en\/wp-json\/wp\/v2\/pages\/770\/revisions\/1496"}],"wp:attachment":[{"href":"https:\/\/kurkiecovillage.fi\/en\/wp-json\/wp\/v2\/media?parent=770"}],"curies":[{"name":"wp","href":"https:\/\/api.w.org\/{rel}","templated":true}]}}