{"id":85,"date":"2023-12-01T10:20:56","date_gmt":"2023-12-01T12:20:56","guid":{"rendered":"http:\/\/kurkiecovillage.fi\/?page_id=85"},"modified":"2026-03-06T07:57:38","modified_gmt":"2026-03-06T09:57:38","slug":"elava-visio-ja-missio","status":"publish","type":"page","link":"https:\/\/kurkiecovillage.fi\/en\/elava-visio-ja-missio\/","title":{"rendered":"A vibrant vision"},"content":{"rendered":"<p>In Kurki ecovillage, everyday choices are made for a sustainable future. New houses are built and old ones are renovated in an ecological way. The village is home to people of all ages, different kinds of people and their dreams. Together with others, we want to enliven the countryside and promote its diversity. <\/p>\n\n\n\n<p>The village centre is a renovated mangle building (in Finnish Mankelitalo), where people meet, eat, do activities and organise events.<\/p>\n\n\n\n<p>The village's daily life is marked by annual festivities, which include a variety of activities and work bees. We either work together on a single project or in smaller groups around the village. What is certain is the joy of a job well done! <\/p>\n\n\n\n<p>Gathering together, growing sustainable food gardens according to permaculture principles, cooking with freshly picked seasonal ingredients, respecting nature and its bounty, supporting local producers and creating a healthy food web for our community are at the heart of strengthening our positive impact on the world. <\/p>\n\n\n\n<figure class=\"wp-block-gallery has-nested-images columns-default is-cropped wp-block-gallery-1 is-layout-flex wp-block-gallery-is-layout-flex\">\n<figure class=\"wp-block-image size-large\"><img loading=\"lazy\" decoding=\"async\" width=\"1024\" height=\"768\" data-id=\"1251\" src=\"https:\/\/kurkiecovillage.fi\/wp-content\/uploads\/2025\/03\/IMG-20240907-WA0009-1024x768.jpg\" alt=\"\" class=\"wp-image-1251\" srcset=\"https:\/\/kurkiecovillage.fi\/wp-content\/uploads\/2025\/03\/IMG-20240907-WA0009-1024x768.jpg 1024w, https:\/\/kurkiecovillage.fi\/wp-content\/uploads\/2025\/03\/IMG-20240907-WA0009-300x225.jpg 300w, https:\/\/kurkiecovillage.fi\/wp-content\/uploads\/2025\/03\/IMG-20240907-WA0009-768x576.jpg 768w, https:\/\/kurkiecovillage.fi\/wp-content\/uploads\/2025\/03\/IMG-20240907-WA0009-1536x1152.jpg 1536w, https:\/\/kurkiecovillage.fi\/wp-content\/uploads\/2025\/03\/IMG-20240907-WA0009-16x12.jpg 16w, https:\/\/kurkiecovillage.fi\/wp-content\/uploads\/2025\/03\/IMG-20240907-WA0009.jpg 1600w\" sizes=\"auto, (max-width: 1024px) 100vw, 1024px\" \/><\/figure>\n\n\n\n<figure class=\"wp-block-image size-large\"><img loading=\"lazy\" decoding=\"async\" width=\"768\" height=\"1024\" data-id=\"1249\" src=\"https:\/\/kurkiecovillage.fi\/wp-content\/uploads\/2025\/03\/PXL_20240802_182110124.MP_-768x1024.jpg\" alt=\"\" class=\"wp-image-1249\" srcset=\"https:\/\/kurkiecovillage.fi\/wp-content\/uploads\/2025\/03\/PXL_20240802_182110124.MP_-768x1024.jpg 768w, https:\/\/kurkiecovillage.fi\/wp-content\/uploads\/2025\/03\/PXL_20240802_182110124.MP_-225x300.jpg 225w, https:\/\/kurkiecovillage.fi\/wp-content\/uploads\/2025\/03\/PXL_20240802_182110124.MP_-1152x1536.jpg 1152w, https:\/\/kurkiecovillage.fi\/wp-content\/uploads\/2025\/03\/PXL_20240802_182110124.MP_-1536x2048.jpg 1536w, https:\/\/kurkiecovillage.fi\/wp-content\/uploads\/2025\/03\/PXL_20240802_182110124.MP_-9x12.jpg 9w, https:\/\/kurkiecovillage.fi\/wp-content\/uploads\/2025\/03\/PXL_20240802_182110124.MP_-scaled.jpg 1920w\" sizes=\"auto, (max-width: 768px) 100vw, 768px\" \/><\/figure>\n\n\n\n<figure class=\"wp-block-image size-large\"><img loading=\"lazy\" decoding=\"async\" width=\"1024\" height=\"683\" data-id=\"979\" src=\"https:\/\/kurkiecovillage.fi\/wp-content\/uploads\/2024\/12\/Keita-olemme-1024x683.jpg\" alt=\"\" class=\"wp-image-979\" srcset=\"https:\/\/kurkiecovillage.fi\/wp-content\/uploads\/2024\/12\/Keita-olemme-1024x683.jpg 1024w, https:\/\/kurkiecovillage.fi\/wp-content\/uploads\/2024\/12\/Keita-olemme-300x200.jpg 300w, https:\/\/kurkiecovillage.fi\/wp-content\/uploads\/2024\/12\/Keita-olemme-768x512.jpg 768w, https:\/\/kurkiecovillage.fi\/wp-content\/uploads\/2024\/12\/Keita-olemme-1536x1024.jpg 1536w, https:\/\/kurkiecovillage.fi\/wp-content\/uploads\/2024\/12\/Keita-olemme-2048x1365.jpg 2048w, https:\/\/kurkiecovillage.fi\/wp-content\/uploads\/2024\/12\/Keita-olemme-18x12.jpg 18w\" sizes=\"auto, (max-width: 1024px) 100vw, 1024px\" \/><\/figure>\n<\/figure>\n\n\n\n<p><\/p>","protected":false},"excerpt":{"rendered":"<p>Kurjen ekokyl\u00e4ss\u00e4 arkisia valintoja tehd\u00e4\u00e4n kest\u00e4v\u00e4n tulevaisuuden puolesta. Uudet talot on rakennettu ja vanhat korjattu ekologisesti. Kyl\u00e4 on koti kaiken [&hellip;]<\/p>\n","protected":false},"author":1,"featured_media":0,"parent":0,"menu_order":0,"comment_status":"closed","ping_status":"closed","template":"","meta":{"site-sidebar-layout":"default","site-content-layout":"","ast-site-content-layout":"default","site-content-style":"default","site-sidebar-style":"default","ast-global-header-display":"","ast-banner-title-visibility":"","ast-main-header-display":"","ast-hfb-above-header-display":"","ast-hfb-below-header-display":"","ast-hfb-mobile-header-display":"","site-post-title":"","ast-breadcrumbs-content":"","ast-featured-img":"","footer-sml-layout":"","ast-disable-related-posts":"","theme-transparent-header-meta":"","adv-header-id-meta":"","stick-header-meta":"","header-above-stick-meta":"","header-main-stick-meta":"","header-below-stick-meta":"","astra-migrate-meta-layouts":"default","ast-page-background-enabled":"default","ast-page-background-meta":{"desktop":{"background-color":"var(--ast-global-color-4)","background-image":"","background-repeat":"repeat","background-position":"center center","background-size":"auto","background-attachment":"scroll","background-type":"","background-media":"","overlay-type":"","overlay-color":"","overlay-opacity":"","overlay-gradient":""},"tablet":{"background-color":"","background-image":"","background-repeat":"repeat","background-position":"center center","background-size":"auto","background-attachment":"scroll","background-type":"","background-media":"","overlay-type":"","overlay-color":"","overlay-opacity":"","overlay-gradient":""},"mobile":{"background-color":"","background-image":"","background-repeat":"repeat","background-position":"center center","background-size":"auto","background-attachment":"scroll","background-type":"","background-media":"","overlay-type":"","overlay-color":"","overlay-opacity":"","overlay-gradient":""}},"ast-content-background-meta":{"desktop":{"background-color":"var(--ast-global-color-5)","background-image":"","background-repeat":"repeat","background-position":"center center","background-size":"auto","background-attachment":"scroll","background-type":"","background-media":"","overlay-type":"","overlay-color":"","overlay-opacity":"","overlay-gradient":""},"tablet":{"background-color":"var(--ast-global-color-5)","background-image":"","background-repeat":"repeat","background-position":"center center","background-size":"auto","background-attachment":"scroll","background-type":"","background-media":"","overlay-type":"","overlay-color":"","overlay-opacity":"","overlay-gradient":""},"mobile":{"background-color":"var(--ast-global-color-5)","background-image":"","background-repeat":"repeat","background-position":"center center","background-size":"auto","background-attachment":"scroll","background-type":"","background-media":"","overlay-type":"","overlay-color":"","overlay-opacity":"","overlay-gradient":""}},"footnotes":""},"class_list":["post-85","page","type-page","status-publish","hentry"],"jetpack_sharing_enabled":true,"_links":{"self":[{"href":"https:\/\/kurkiecovillage.fi\/en\/wp-json\/wp\/v2\/pages\/85","targetHints":{"allow":["GET"]}}],"collection":[{"href":"https:\/\/kurkiecovillage.fi\/en\/wp-json\/wp\/v2\/pages"}],"about":[{"href":"https:\/\/kurkiecovillage.fi\/en\/wp-json\/wp\/v2\/types\/page"}],"author":[{"embeddable":true,"href":"https:\/\/kurkiecovillage.fi\/en\/wp-json\/wp\/v2\/users\/1"}],"replies":[{"embeddable":true,"href":"https:\/\/kurkiecovillage.fi\/en\/wp-json\/wp\/v2\/comments?post=85"}],"version-history":[{"count":10,"href":"https:\/\/kurkiecovillage.fi\/en\/wp-json\/wp\/v2\/pages\/85\/revisions"}],"predecessor-version":[{"id":1492,"href":"https:\/\/kurkiecovillage.fi\/en\/wp-json\/wp\/v2\/pages\/85\/revisions\/1492"}],"wp:attachment":[{"href":"https:\/\/kurkiecovillage.fi\/en\/wp-json\/wp\/v2\/media?parent=85"}],"curies":[{"name":"wp","href":"https:\/\/api.w.org\/{rel}","templated":true}]}}