{"id":93,"date":"2023-12-01T10:30:00","date_gmt":"2023-12-01T12:30:00","guid":{"rendered":"http:\/\/kurkiecovillage.fi\/?page_id=93"},"modified":"2026-03-06T07:57:48","modified_gmt":"2026-03-06T09:57:48","slug":"kesakahvila","status":"publish","type":"page","link":"https:\/\/kurkiecovillage.fi\/en\/kesakahvila\/","title":{"rendered":"Summer cafeteria"},"content":{"rendered":"<p class=\"has-text-align-center\"><br>Kurki ecovillage <strong>summer cafeteria is open on Saturdays between 11 and 14 in July and August<\/strong>.<\/p>\n\n\n\n<p class=\"has-text-align-center\">Address: Saunavainio, 37470 Vesilahti. Parking area is next to Saunavainio 1<\/p>\n\n\n\n<p class=\"has-text-align-center\">Welcome!<\/p>\n\n\n\n<div class=\"wp-block-columns is-layout-flex wp-container-core-columns-is-layout-28f84493 wp-block-columns-is-layout-flex\">\n<div class=\"wp-block-column is-layout-flow wp-block-column-is-layout-flow\" style=\"flex-basis:100%\">\n<div class=\"wp-block-group is-layout-constrained wp-block-group-is-layout-constrained\">\n<blockquote class=\"wp-block-quote is-style-plain is-layout-flow wp-block-quote-is-layout-flow\">\n<p class=\"has-text-align-center\">Traditional treats from here and there<br>Open doors in the ecovillage common yard<br>Second hand store<br>Space for play and games<br>Biodiversioty garden for the eyes and taste buds<br>Possibility to get to know our international volunteers (ESC and Erasmus+)<br>Pets also welcome<br>We give free seeds from our perennials as a thank you for your visit<\/p>\n<\/blockquote>\n<\/div>\n<\/div>\n<\/div>\n\n\n\n<figure class=\"wp-block-gallery has-nested-images columns-default is-cropped wp-block-gallery-1 is-layout-flex wp-block-gallery-is-layout-flex\">\n<figure class=\"wp-block-image size-large\"><img loading=\"lazy\" decoding=\"async\" width=\"819\" height=\"1024\" data-id=\"1161\" src=\"https:\/\/kurkiecovillage.fi\/wp-content\/uploads\/2025\/02\/WhatsApp-Image-2023-08-01-at-18.19.56-819x1024.jpeg\" alt=\"\" class=\"wp-image-1161\" srcset=\"https:\/\/kurkiecovillage.fi\/wp-content\/uploads\/2025\/02\/WhatsApp-Image-2023-08-01-at-18.19.56-819x1024.jpeg 819w, https:\/\/kurkiecovillage.fi\/wp-content\/uploads\/2025\/02\/WhatsApp-Image-2023-08-01-at-18.19.56-240x300.jpeg 240w, https:\/\/kurkiecovillage.fi\/wp-content\/uploads\/2025\/02\/WhatsApp-Image-2023-08-01-at-18.19.56-768x961.jpeg 768w, https:\/\/kurkiecovillage.fi\/wp-content\/uploads\/2025\/02\/WhatsApp-Image-2023-08-01-at-18.19.56-10x12.jpeg 10w, https:\/\/kurkiecovillage.fi\/wp-content\/uploads\/2025\/02\/WhatsApp-Image-2023-08-01-at-18.19.56.jpeg 949w\" sizes=\"auto, (max-width: 819px) 100vw, 819px\" \/><\/figure>\n\n\n\n<figure class=\"wp-block-image size-large\"><img loading=\"lazy\" decoding=\"async\" width=\"507\" height=\"634\" data-id=\"1159\" src=\"https:\/\/kurkiecovillage.fi\/wp-content\/uploads\/2025\/02\/WhatsApp-Image-2023-08-01-at-18.19.55.jpeg\" alt=\"\" class=\"wp-image-1159\" srcset=\"https:\/\/kurkiecovillage.fi\/wp-content\/uploads\/2025\/02\/WhatsApp-Image-2023-08-01-at-18.19.55.jpeg 507w, https:\/\/kurkiecovillage.fi\/wp-content\/uploads\/2025\/02\/WhatsApp-Image-2023-08-01-at-18.19.55-240x300.jpeg 240w, https:\/\/kurkiecovillage.fi\/wp-content\/uploads\/2025\/02\/WhatsApp-Image-2023-08-01-at-18.19.55-10x12.jpeg 10w\" sizes=\"auto, (max-width: 507px) 100vw, 507px\" \/><\/figure>\n\n\n\n<figure class=\"wp-block-image size-large\"><img loading=\"lazy\" decoding=\"async\" width=\"768\" height=\"1024\" data-id=\"1243\" src=\"http:\/\/kurkiecovillage.fi\/wp-content\/uploads\/2025\/03\/PXL_20240706_111254589-768x1024.jpg\" alt=\"\" class=\"wp-image-1243\" srcset=\"https:\/\/kurkiecovillage.fi\/wp-content\/uploads\/2025\/03\/PXL_20240706_111254589-768x1024.jpg 768w, https:\/\/kurkiecovillage.fi\/wp-content\/uploads\/2025\/03\/PXL_20240706_111254589-225x300.jpg 225w, https:\/\/kurkiecovillage.fi\/wp-content\/uploads\/2025\/03\/PXL_20240706_111254589-1152x1536.jpg 1152w, https:\/\/kurkiecovillage.fi\/wp-content\/uploads\/2025\/03\/PXL_20240706_111254589-1536x2048.jpg 1536w, https:\/\/kurkiecovillage.fi\/wp-content\/uploads\/2025\/03\/PXL_20240706_111254589-9x12.jpg 9w, https:\/\/kurkiecovillage.fi\/wp-content\/uploads\/2025\/03\/PXL_20240706_111254589-scaled.jpg 1920w\" sizes=\"auto, (max-width: 768px) 100vw, 768px\" \/><\/figure>\n<\/figure>","protected":false},"excerpt":{"rendered":"<p>Kurjen ekokyl\u00e4n kes\u00e4kahvila on avoinna lauantaisin klo 11-14 hein\u00e4- ja elokuussa. Osoite: Saunavainio, 37470 Vesilahti. P-alue: Komuntien varressa, Saunavainio 1:n [&hellip;]<\/p>\n","protected":false},"author":1,"featured_media":0,"parent":0,"menu_order":0,"comment_status":"closed","ping_status":"closed","template":"","meta":{"site-sidebar-layout":"default","site-content-layout":"","ast-site-content-layout":"default","site-content-style":"default","site-sidebar-style":"default","ast-global-header-display":"","ast-banner-title-visibility":"","ast-main-header-display":"","ast-hfb-above-header-display":"","ast-hfb-below-header-display":"","ast-hfb-mobile-header-display":"","site-post-title":"","ast-breadcrumbs-content":"","ast-featured-img":"","footer-sml-layout":"","ast-disable-related-posts":"","theme-transparent-header-meta":"","adv-header-id-meta":"","stick-header-meta":"","header-above-stick-meta":"","header-main-stick-meta":"","header-below-stick-meta":"","astra-migrate-meta-layouts":"default","ast-page-background-enabled":"default","ast-page-background-meta":{"desktop":{"background-color":"var(--ast-global-color-4)","background-image":"","background-repeat":"repeat","background-position":"center center","background-size":"auto","background-attachment":"scroll","background-type":"","background-media":"","overlay-type":"","overlay-color":"","overlay-opacity":"","overlay-gradient":""},"tablet":{"background-color":"","background-image":"","background-repeat":"repeat","background-position":"center center","background-size":"auto","background-attachment":"scroll","background-type":"","background-media":"","overlay-type":"","overlay-color":"","overlay-opacity":"","overlay-gradient":""},"mobile":{"background-color":"","background-image":"","background-repeat":"repeat","background-position":"center center","background-size":"auto","background-attachment":"scroll","background-type":"","background-media":"","overlay-type":"","overlay-color":"","overlay-opacity":"","overlay-gradient":""}},"ast-content-background-meta":{"desktop":{"background-color":"var(--ast-global-color-5)","background-image":"","background-repeat":"repeat","background-position":"center center","background-size":"auto","background-attachment":"scroll","background-type":"","background-media":"","overlay-type":"","overlay-color":"","overlay-opacity":"","overlay-gradient":""},"tablet":{"background-color":"var(--ast-global-color-5)","background-image":"","background-repeat":"repeat","background-position":"center center","background-size":"auto","background-attachment":"scroll","background-type":"","background-media":"","overlay-type":"","overlay-color":"","overlay-opacity":"","overlay-gradient":""},"mobile":{"background-color":"var(--ast-global-color-5)","background-image":"","background-repeat":"repeat","background-position":"center center","background-size":"auto","background-attachment":"scroll","background-type":"","background-media":"","overlay-type":"","overlay-color":"","overlay-opacity":"","overlay-gradient":""}},"footnotes":""},"class_list":["post-93","page","type-page","status-publish","hentry"],"jetpack_sharing_enabled":true,"_links":{"self":[{"href":"https:\/\/kurkiecovillage.fi\/en\/wp-json\/wp\/v2\/pages\/93","targetHints":{"allow":["GET"]}}],"collection":[{"href":"https:\/\/kurkiecovillage.fi\/en\/wp-json\/wp\/v2\/pages"}],"about":[{"href":"https:\/\/kurkiecovillage.fi\/en\/wp-json\/wp\/v2\/types\/page"}],"author":[{"embeddable":true,"href":"https:\/\/kurkiecovillage.fi\/en\/wp-json\/wp\/v2\/users\/1"}],"replies":[{"embeddable":true,"href":"https:\/\/kurkiecovillage.fi\/en\/wp-json\/wp\/v2\/comments?post=93"}],"version-history":[{"count":8,"href":"https:\/\/kurkiecovillage.fi\/en\/wp-json\/wp\/v2\/pages\/93\/revisions"}],"predecessor-version":[{"id":2121,"href":"https:\/\/kurkiecovillage.fi\/en\/wp-json\/wp\/v2\/pages\/93\/revisions\/2121"}],"wp:attachment":[{"href":"https:\/\/kurkiecovillage.fi\/en\/wp-json\/wp\/v2\/media?parent=93"}],"curies":[{"name":"wp","href":"https:\/\/api.w.org\/{rel}","templated":true}]}}