{"id":98,"date":"2023-12-01T10:36:37","date_gmt":"2023-12-01T12:36:37","guid":{"rendered":"http:\/\/kurkiecovillage.fi\/?page_id=98"},"modified":"2026-03-06T07:57:43","modified_gmt":"2026-03-06T09:57:43","slug":"esc-vapaaehtoisohjelma","status":"publish","type":"page","link":"https:\/\/kurkiecovillage.fi\/en\/esc-vapaaehtoisohjelma\/","title":{"rendered":"ESC European Solidarity Corps"},"content":{"rendered":"<p>The European Solidarity Corps is a new EU project that offers young people opportunities to help communities and individuals through volunteering or paid work in their own country or abroad. European Solidarity Corps projects last from 2 weeks to 12 months and are usually based in an EU country. The European Solidarity Corps brings young people together to build a more inclusive society, support the vulnerable and address societal challenges. Its projects are inspiring and empowering experiences for young people who want to help, learn and develop. Read more: <a href=\"https:\/\/youth.europa.eu\/solidarity\/mission_en\">https:\/\/youth.europa.eu\/solidarity\/mission_en<\/a><\/p>\n\n\n\n<p>Kurki Ecovillage Association has been offering volunteering opportunities to young Europeans since 2013. In total, we have had around 70 young volunteers from 11 different countries. Every year, six young volunteers take part in the Sustainability Rules project, which runs from March to the end of November. In addition, the village has run a two-week team project Healing and Empowering Vulnerable Communities through Sustainability. There may be vacancies for these projects throughout the year. Contact us if you are interested in volunteering with us! Send a message to kurkiecovillage (at) gmail.com<\/p>\n\n\n\n<p>We also act as a support organisation for sending young people to volunteer projects with the European Solidarity Corps. <\/p>\n\n\n\n<p>Link to register: <a href=\"https:\/\/europa.eu\/youth\/solidarity_fi\" target=\"_blank\" rel=\"noreferrer noopener\">https:\/\/europa.eu\/youth\/solidarity_fi<\/a><\/p>\n\n\n\n<figure class=\"wp-block-gallery has-nested-images columns-default is-cropped wp-block-gallery-1 is-layout-flex wp-block-gallery-is-layout-flex\">\n<figure class=\"wp-block-image size-full\"><img loading=\"lazy\" decoding=\"async\" width=\"1200\" height=\"1600\" data-id=\"1302\" src=\"http:\/\/kurkiecovillage.fi\/wp-content\/uploads\/2025\/03\/0be31ca9-8379-470e-91f0-8eed5e43d900.jpg\" alt=\"\" class=\"wp-image-1302\" srcset=\"https:\/\/kurkiecovillage.fi\/wp-content\/uploads\/2025\/03\/0be31ca9-8379-470e-91f0-8eed5e43d900.jpg 1200w, https:\/\/kurkiecovillage.fi\/wp-content\/uploads\/2025\/03\/0be31ca9-8379-470e-91f0-8eed5e43d900-225x300.jpg 225w, https:\/\/kurkiecovillage.fi\/wp-content\/uploads\/2025\/03\/0be31ca9-8379-470e-91f0-8eed5e43d900-768x1024.jpg 768w, https:\/\/kurkiecovillage.fi\/wp-content\/uploads\/2025\/03\/0be31ca9-8379-470e-91f0-8eed5e43d900-1152x1536.jpg 1152w, https:\/\/kurkiecovillage.fi\/wp-content\/uploads\/2025\/03\/0be31ca9-8379-470e-91f0-8eed5e43d900-9x12.jpg 9w\" sizes=\"auto, (max-width: 1200px) 100vw, 1200px\" \/><\/figure>\n\n\n\n<figure class=\"wp-block-image size-large\"><img loading=\"lazy\" decoding=\"async\" width=\"768\" height=\"1024\" data-id=\"1297\" src=\"http:\/\/kurkiecovillage.fi\/wp-content\/uploads\/2025\/03\/PXL_20230901_080215031.MP_-768x1024.jpg\" alt=\"\" class=\"wp-image-1297\" srcset=\"https:\/\/kurkiecovillage.fi\/wp-content\/uploads\/2025\/03\/PXL_20230901_080215031.MP_-768x1024.jpg 768w, https:\/\/kurkiecovillage.fi\/wp-content\/uploads\/2025\/03\/PXL_20230901_080215031.MP_-225x300.jpg 225w, https:\/\/kurkiecovillage.fi\/wp-content\/uploads\/2025\/03\/PXL_20230901_080215031.MP_-1152x1536.jpg 1152w, https:\/\/kurkiecovillage.fi\/wp-content\/uploads\/2025\/03\/PXL_20230901_080215031.MP_-1536x2048.jpg 1536w, https:\/\/kurkiecovillage.fi\/wp-content\/uploads\/2025\/03\/PXL_20230901_080215031.MP_-9x12.jpg 9w, https:\/\/kurkiecovillage.fi\/wp-content\/uploads\/2025\/03\/PXL_20230901_080215031.MP_-scaled.jpg 1920w\" sizes=\"auto, (max-width: 768px) 100vw, 768px\" \/><\/figure>\n\n\n\n<figure class=\"wp-block-image size-large\"><img decoding=\"async\" data-id=\"1250\" src=\"http:\/\/kurkiecovillage.fi\/wp-content\/uploads\/2025\/03\/IMG-20240823-WA0014-1024x768.jpg\" alt=\"\" class=\"wp-image-1250\"\/><\/figure>\n<\/figure>","protected":false},"excerpt":{"rendered":"<p>Euroopan solidaarisuusjoukot on EU:n uusi hanke, joka tarjoaa nuorille mahdollisuuksia auttaa yhteis\u00f6j\u00e4 ja yksil\u00f6it\u00e4 vapaaehtoisty\u00f6ss\u00e4 tai vastikkeellisessa ty\u00f6ss\u00e4 omassa maassaan [&hellip;]<\/p>\n","protected":false},"author":1,"featured_media":0,"parent":0,"menu_order":0,"comment_status":"closed","ping_status":"closed","template":"","meta":{"site-sidebar-layout":"default","site-content-layout":"","ast-site-content-layout":"default","site-content-style":"default","site-sidebar-style":"default","ast-global-header-display":"","ast-banner-title-visibility":"","ast-main-header-display":"","ast-hfb-above-header-display":"","ast-hfb-below-header-display":"","ast-hfb-mobile-header-display":"","site-post-title":"","ast-breadcrumbs-content":"","ast-featured-img":"","footer-sml-layout":"","ast-disable-related-posts":"","theme-transparent-header-meta":"","adv-header-id-meta":"","stick-header-meta":"","header-above-stick-meta":"","header-main-stick-meta":"","header-below-stick-meta":"","astra-migrate-meta-layouts":"default","ast-page-background-enabled":"default","ast-page-background-meta":{"desktop":{"background-color":"var(--ast-global-color-4)","background-image":"","background-repeat":"repeat","background-position":"center center","background-size":"auto","background-attachment":"scroll","background-type":"","background-media":"","overlay-type":"","overlay-color":"","overlay-opacity":"","overlay-gradient":""},"tablet":{"background-color":"","background-image":"","background-repeat":"repeat","background-position":"center center","background-size":"auto","background-attachment":"scroll","background-type":"","background-media":"","overlay-type":"","overlay-color":"","overlay-opacity":"","overlay-gradient":""},"mobile":{"background-color":"","background-image":"","background-repeat":"repeat","background-position":"center center","background-size":"auto","background-attachment":"scroll","background-type":"","background-media":"","overlay-type":"","overlay-color":"","overlay-opacity":"","overlay-gradient":""}},"ast-content-background-meta":{"desktop":{"background-color":"var(--ast-global-color-5)","background-image":"","background-repeat":"repeat","background-position":"center center","background-size":"auto","background-attachment":"scroll","background-type":"","background-media":"","overlay-type":"","overlay-color":"","overlay-opacity":"","overlay-gradient":""},"tablet":{"background-color":"var(--ast-global-color-5)","background-image":"","background-repeat":"repeat","background-position":"center center","background-size":"auto","background-attachment":"scroll","background-type":"","background-media":"","overlay-type":"","overlay-color":"","overlay-opacity":"","overlay-gradient":""},"mobile":{"background-color":"var(--ast-global-color-5)","background-image":"","background-repeat":"repeat","background-position":"center center","background-size":"auto","background-attachment":"scroll","background-type":"","background-media":"","overlay-type":"","overlay-color":"","overlay-opacity":"","overlay-gradient":""}},"footnotes":""},"class_list":["post-98","page","type-page","status-publish","hentry"],"jetpack_sharing_enabled":true,"_links":{"self":[{"href":"https:\/\/kurkiecovillage.fi\/en\/wp-json\/wp\/v2\/pages\/98","targetHints":{"allow":["GET"]}}],"collection":[{"href":"https:\/\/kurkiecovillage.fi\/en\/wp-json\/wp\/v2\/pages"}],"about":[{"href":"https:\/\/kurkiecovillage.fi\/en\/wp-json\/wp\/v2\/types\/page"}],"author":[{"embeddable":true,"href":"https:\/\/kurkiecovillage.fi\/en\/wp-json\/wp\/v2\/users\/1"}],"replies":[{"embeddable":true,"href":"https:\/\/kurkiecovillage.fi\/en\/wp-json\/wp\/v2\/comments?post=98"}],"version-history":[{"count":12,"href":"https:\/\/kurkiecovillage.fi\/en\/wp-json\/wp\/v2\/pages\/98\/revisions"}],"predecessor-version":[{"id":1500,"href":"https:\/\/kurkiecovillage.fi\/en\/wp-json\/wp\/v2\/pages\/98\/revisions\/1500"}],"wp:attachment":[{"href":"https:\/\/kurkiecovillage.fi\/en\/wp-json\/wp\/v2\/media?parent=98"}],"curies":[{"name":"wp","href":"https:\/\/api.w.org\/{rel}","templated":true}]}}